{"id":20821,"date":"2026-02-27T10:29:21","date_gmt":"2026-02-27T10:29:21","guid":{"rendered":"https:\/\/tarnsjogarveri.com\/cart\/"},"modified":"2026-04-29T12:39:59","modified_gmt":"2026-04-29T12:39:59","slug":"cart","status":"publish","type":"page","link":"https:\/\/tarnsjogarveri.com\/en\/cart\/","title":{"rendered":"Cart"},"content":{"rendered":"\n<div data-block-name=\"woocommerce\/cart\" class=\"wp-block-woocommerce-cart alignwide is-loading\">\n<div data-block-name=\"woocommerce\/filled-cart-block\" class=\"wp-block-woocommerce-filled-cart-block\">\n<div data-block-name=\"woocommerce\/cart-items-block\" class=\"wp-block-woocommerce-cart-items-block\">\n<div data-block-name=\"woocommerce\/cart-line-items-block\" class=\"wp-block-woocommerce-cart-line-items-block\"><\/div>\n\n\n<\/div>\n\n\n\n\n<div data-block-name=\"woocommerce\/cart-totals-block\" class=\"wp-block-woocommerce-cart-totals-block\">\n<div data-block-name=\"woocommerce\/cart-order-summary-block\" class=\"wp-block-woocommerce-cart-order-summary-block\">\n<div data-block-name=\"woocommerce\/cart-order-summary-heading-block\" class=\"wp-block-woocommerce-cart-order-summary-heading-block\"><\/div><div data-block-name=\"woocommerce\/cart-order-summary-coupon-form-block\" class=\"wp-block-woocommerce-cart-order-summary-coupon-form-block\"><\/div><div data-block-name=\"woocommerce\/cart-order-summary-totals-block\" class=\"wp-block-woocommerce-cart-order-summary-totals-block\">\n<div data-block-name=\"woocommerce\/cart-order-summary-subtotal-block\" class=\"wp-block-woocommerce-cart-order-summary-subtotal-block\"><\/div>\n<div data-block-name=\"woocommerce\/cart-order-summary-discount-block\" class=\"wp-block-woocommerce-cart-order-summary-discount-block\"><\/div>\n<div data-block-name=\"woocommerce\/cart-order-summary-fee-block\" class=\"wp-block-woocommerce-cart-order-summary-fee-block\"><\/div>\n<div data-block-name=\"woocommerce\/cart-order-summary-shipping-block\" class=\"wp-block-woocommerce-cart-order-summary-shipping-block\"><\/div>\n<div data-block-name=\"woocommerce\/cart-order-summary-taxes-block\" class=\"wp-block-woocommerce-cart-order-summary-taxes-block\"><\/div><\/div>\n<\/div>\n\n\n\n<div data-block-name=\"woocommerce\/cart-express-payment-block\" class=\"wp-block-woocommerce-cart-express-payment-block\"><\/div>\n\n\n\n<div data-block-name=\"woocommerce\/proceed-to-checkout-block\" class=\"wp-block-woocommerce-proceed-to-checkout-block\"><\/div>\n\n\n\n<div data-block-name=\"woocommerce\/cart-accepted-payment-methods-block\" class=\"wp-block-woocommerce-cart-accepted-payment-methods-block\"><\/div>\n<\/div>\n<\/div>\n\n\n\n<div data-block-name=\"woocommerce\/empty-cart-block\" class=\"wp-block-woocommerce-empty-cart-block\">\n<h2 class=\"wp-block-heading has-text-align-center with-empty-cart-icon wc-block-cart__empty-cart__title\">Your cart is currently empty!<\/h2>\n\n\n\n<hr class=\"wp-block-separator has-alpha-channel-opacity is-style-dots\"\/>\n\n\n\n<h2 class=\"wp-block-heading has-text-align-center\">New in store<\/h2>\n\n\n<div data-block-name=\"woocommerce\/product-new\" data-columns=\"4\" data-rows=\"1\" class=\"wc-block-grid wp-block-product-new wp-block-woocommerce-product-new wc-block-product-new has-4-columns\"><ul class=\"wc-block-grid__products\"><li class=\"wc-block-grid__product\">\n\t\t\t\t<a href=\"https:\/\/tarnsjogarveri.com\/en\/produkt\/tray-organizer\/\" class=\"wc-block-grid__product-link\">\n\t\t\t\t\t\n\t\t\t\t\t<div class=\"wc-block-grid__product-image\"><img loading=\"lazy\" decoding=\"async\" width=\"300\" height=\"300\" src=\"https:\/\/tarnsjogarveri.com\/wp-content\/uploads\/2026\/02\/Skrivbord_Tray-sqared_ljusare-scaled-e1761731361305-300x300.jpg\" class=\"attachment-woocommerce_thumbnail size-woocommerce_thumbnail\" alt=\"Tray Organizer\" srcset=\"https:\/\/tarnsjogarveri.com\/wp-content\/uploads\/2026\/02\/Skrivbord_Tray-sqared_ljusare-scaled-e1761731361305-300x300.jpg 300w, https:\/\/tarnsjogarveri.com\/wp-content\/uploads\/2026\/02\/Skrivbord_Tray-sqared_ljusare-scaled-e1761731361305-100x100.jpg 100w\" sizes=\"auto, (max-width: 300px) 100vw, 300px\" \/><\/div>\n\t\t\t\t\t<div class=\"wc-block-grid__product-title\">Tray Organizer<\/div>\n\t\t\t\t<\/a>\n\t\t\t\t<div class=\"wc-block-grid__product-price price\"><span class=\"woocommerce-Price-amount amount\">1 400&nbsp;<span class=\"woocommerce-Price-currencySymbol\">&#107;&#114;<\/span><\/span><\/div>\n\t\t\t\t\n\t\t\t\t<div class=\"wp-block-button wc-block-grid__product-add-to-cart\"><a href=\"https:\/\/tarnsjogarveri.com\/en\/produkt\/tray-organizer\/\" aria-label=\"Select options for &ldquo;Tray Organizer&rdquo;\" data-quantity=\"1\" data-product_id=\"21156\" data-product_sku=\"18-023\" data-price=\"1400\" rel=\"nofollow\" class=\"wp-block-button__link  add_to_cart_button\">Select options<\/a><\/div>\n\t\t\t<\/li><li class=\"wc-block-grid__product\">\n\t\t\t\t<a href=\"https:\/\/tarnsjogarveri.com\/en\/produkt\/matchbox-case\/\" class=\"wc-block-grid__product-link\">\n\t\t\t\t\t\n\t\t\t\t\t<div class=\"wc-block-grid__product-image\"><img loading=\"lazy\" decoding=\"async\" width=\"300\" height=\"300\" src=\"https:\/\/tarnsjogarveri.com\/wp-content\/uploads\/2026\/02\/IMG_6392_gray_bg-scaled-1-300x300.jpg\" class=\"attachment-woocommerce_thumbnail size-woocommerce_thumbnail\" alt=\"Matchbox Case\" srcset=\"https:\/\/tarnsjogarveri.com\/wp-content\/uploads\/2026\/02\/IMG_6392_gray_bg-scaled-1-300x300.jpg 300w, https:\/\/tarnsjogarveri.com\/wp-content\/uploads\/2026\/02\/IMG_6392_gray_bg-scaled-1-100x100.jpg 100w\" sizes=\"auto, (max-width: 300px) 100vw, 300px\" \/><\/div>\n\t\t\t\t\t<div class=\"wc-block-grid__product-title\">Matchbox Case<\/div>\n\t\t\t\t<\/a>\n\t\t\t\t<div class=\"wc-block-grid__product-price price\"><span class=\"woocommerce-Price-amount amount\">850&nbsp;<span class=\"woocommerce-Price-currencySymbol\">&#107;&#114;<\/span><\/span><\/div>\n\t\t\t\t\n\t\t\t\t<div class=\"wp-block-button wc-block-grid__product-add-to-cart\"><a href=\"https:\/\/tarnsjogarveri.com\/en\/produkt\/matchbox-case\/\" aria-label=\"Select options for &ldquo;Matchbox Case&rdquo;\" data-quantity=\"1\" data-product_id=\"21177\" data-product_sku=\"18-022\" data-price=\"850\" rel=\"nofollow\" class=\"wp-block-button__link  add_to_cart_button\">Select options<\/a><\/div>\n\t\t\t<\/li><li class=\"wc-block-grid__product\">\n\t\t\t\t<a href=\"https:\/\/tarnsjogarveri.com\/en\/produkt\/a-e-ring-arch-new-model\/\" class=\"wc-block-grid__product-link\">\n\t\t\t\t\t\n\t\t\t\t\t<div class=\"wc-block-grid__product-image\"><img loading=\"lazy\" decoding=\"async\" width=\"300\" height=\"300\" src=\"https:\/\/tarnsjogarveri.com\/wp-content\/uploads\/2026\/02\/14-1450RB-scaled-1-300x300.jpg\" class=\"attachment-woocommerce_thumbnail size-woocommerce_thumbnail\" alt=\"A.E. Ring Arch - New Model\" srcset=\"https:\/\/tarnsjogarveri.com\/wp-content\/uploads\/2026\/02\/14-1450RB-scaled-1-300x300.jpg 300w, https:\/\/tarnsjogarveri.com\/wp-content\/uploads\/2026\/02\/14-1450RB-scaled-1-100x100.jpg 100w\" sizes=\"auto, (max-width: 300px) 100vw, 300px\" \/><\/div>\n\t\t\t\t\t<div class=\"wc-block-grid__product-title\">A.E. Ring Arch &#8211; New Model<\/div>\n\t\t\t\t<\/a>\n\t\t\t\t<div class=\"wc-block-grid__product-price price\"><span class=\"woocommerce-Price-amount amount\">860&nbsp;<span class=\"woocommerce-Price-currencySymbol\">&#107;&#114;<\/span><\/span><\/div>\n\t\t\t\t\n\t\t\t\t<div class=\"wp-block-button wc-block-grid__product-add-to-cart\"><a href=\"\/en\/wp-json\/wp\/v2\/pages\/20821?add-to-cart=21118\" aria-label=\"Add to cart: &ldquo;A.E. Ring Arch - New Model&rdquo;\" data-quantity=\"1\" data-product_id=\"21118\" data-product_sku=\"14-1450RB\" data-price=\"860\" rel=\"nofollow\" class=\"wp-block-button__link  add_to_cart_button ajax_add_to_cart\">Add to cart<\/a><\/div>\n\t\t\t<\/li><li class=\"wc-block-grid__product\">\n\t\t\t\t<a href=\"https:\/\/tarnsjogarveri.com\/en\/produkt\/long-reining-surcingle-with-straight-ring-frame-a-e\/\" class=\"wc-block-grid__product-link\">\n\t\t\t\t\t\n\t\t\t\t\t<div class=\"wc-block-grid__product-image\"><img loading=\"lazy\" decoding=\"async\" width=\"300\" height=\"300\" src=\"https:\/\/tarnsjogarveri.com\/wp-content\/uploads\/2026\/02\/1137br-scaled-1-300x300.jpg\" class=\"attachment-woocommerce_thumbnail size-woocommerce_thumbnail\" alt=\"alt=&quot;T\u00f6mk\u00f6rningsd\u00e4ckel A.E. med ringb\u00e5ge i m\u00f6rkbrunt l\u00e4der&quot;\" srcset=\"https:\/\/tarnsjogarveri.com\/wp-content\/uploads\/2026\/02\/1137br-scaled-1-300x300.jpg 300w, https:\/\/tarnsjogarveri.com\/wp-content\/uploads\/2026\/02\/1137br-scaled-1-100x100.jpg 100w\" sizes=\"auto, (max-width: 300px) 100vw, 300px\" \/><\/div>\n\t\t\t\t\t<div class=\"wc-block-grid__product-title\">Long-reining surcingle with straight ring frame A.E.<\/div>\n\t\t\t\t<\/a>\n\t\t\t\t<div class=\"wc-block-grid__product-price price\"><span class=\"woocommerce-Price-amount amount\" aria-hidden=\"true\">4 900&nbsp;<span class=\"woocommerce-Price-currencySymbol\">&#107;&#114;<\/span><\/span> <span aria-hidden=\"true\">&ndash;<\/span> <span class=\"woocommerce-Price-amount amount\" aria-hidden=\"true\">5 400&nbsp;<span class=\"woocommerce-Price-currencySymbol\">&#107;&#114;<\/span><\/span><span class=\"screen-reader-text\">Price range: 4 900&nbsp;&#107;&#114; through 5 400&nbsp;&#107;&#114;<\/span><\/div>\n\t\t\t\t\n\t\t\t\t<div class=\"wp-block-button wc-block-grid__product-add-to-cart\"><a href=\"https:\/\/tarnsjogarveri.com\/en\/produkt\/long-reining-surcingle-with-straight-ring-frame-a-e\/\" aria-label=\"Select options for &ldquo;Long-reining surcingle with straight ring frame A.E.&rdquo;\" data-quantity=\"1\" data-product_id=\"21166\" data-product_sku=\"1137\" data-price=\"4900\" rel=\"nofollow\" class=\"wp-block-button__link  add_to_cart_button\">Select options<\/a><\/div>\n\t\t\t<\/li><\/ul><\/div><\/div>\n<\/div>\n","protected":false},"excerpt":{"rendered":"","protected":false},"author":5922,"featured_media":0,"parent":0,"menu_order":0,"comment_status":"closed","ping_status":"closed","template":"","meta":{"footnotes":""},"class_list":["post-20821","page","type-page","status-publish","hentry"],"yoast_head":"<!-- This site is optimized with the Yoast SEO plugin v27.5 - https:\/\/yoast.com\/product\/yoast-seo-wordpress\/ -->\n<title>Cart - T\u00e4rnsj\u00f6 Garveri<\/title>\n<meta name=\"robots\" content=\"index, follow, max-snippet:-1, max-image-preview:large, max-video-preview:-1\" \/>\n<link rel=\"canonical\" href=\"https:\/\/tarnsjogarveri.com\/en\/cart\/\" \/>\n<meta property=\"og:locale\" content=\"en_US\" \/>\n<meta property=\"og:type\" content=\"article\" \/>\n<meta property=\"og:title\" content=\"Cart - T\u00e4rnsj\u00f6 Garveri\" \/>\n<meta property=\"og:url\" content=\"https:\/\/tarnsjogarveri.com\/en\/cart\/\" \/>\n<meta property=\"og:site_name\" content=\"T\u00e4rnsj\u00f6 Garveri\" \/>\n<meta property=\"article:publisher\" content=\"https:\/\/www.facebook.com\/tarnsjogarveri\" \/>\n<meta property=\"article:modified_time\" content=\"2026-04-29T12:39:59+00:00\" \/>\n<meta name=\"twitter:card\" content=\"summary_large_image\" \/>\n<script type=\"application\/ld+json\" class=\"yoast-schema-graph\">{\"@context\":\"https:\\\/\\\/schema.org\",\"@graph\":[{\"@type\":\"WebPage\",\"@id\":\"https:\\\/\\\/tarnsjogarveri.com\\\/en\\\/cart\\\/\",\"url\":\"https:\\\/\\\/tarnsjogarveri.com\\\/en\\\/cart\\\/\",\"name\":\"Cart - T\u00e4rnsj\u00f6 Garveri\",\"isPartOf\":{\"@id\":\"https:\\\/\\\/tarnsjogarveri.com\\\/en\\\/#website\"},\"datePublished\":\"2026-02-27T10:29:21+00:00\",\"dateModified\":\"2026-04-29T12:39:59+00:00\",\"breadcrumb\":{\"@id\":\"https:\\\/\\\/tarnsjogarveri.com\\\/en\\\/cart\\\/#breadcrumb\"},\"inLanguage\":\"en-US\",\"potentialAction\":[{\"@type\":\"ReadAction\",\"target\":[\"https:\\\/\\\/tarnsjogarveri.com\\\/en\\\/cart\\\/\"]}]},{\"@type\":\"BreadcrumbList\",\"@id\":\"https:\\\/\\\/tarnsjogarveri.com\\\/en\\\/cart\\\/#breadcrumb\",\"itemListElement\":[{\"@type\":\"ListItem\",\"position\":1,\"name\":\"Hem\",\"item\":\"https:\\\/\\\/tarnsjogarveri.com\\\/en\\\/home\\\/\"},{\"@type\":\"ListItem\",\"position\":2,\"name\":\"Cart\"}]},{\"@type\":\"WebSite\",\"@id\":\"https:\\\/\\\/tarnsjogarveri.com\\\/en\\\/#website\",\"url\":\"https:\\\/\\\/tarnsjogarveri.com\\\/en\\\/\",\"name\":\"www.tarnsjogarveri.se\",\"description\":\"\",\"publisher\":{\"@id\":\"https:\\\/\\\/tarnsjogarveri.com\\\/en\\\/#organization\"},\"potentialAction\":[{\"@type\":\"SearchAction\",\"target\":{\"@type\":\"EntryPoint\",\"urlTemplate\":\"https:\\\/\\\/tarnsjogarveri.com\\\/en\\\/?s={search_term_string}\"},\"query-input\":{\"@type\":\"PropertyValueSpecification\",\"valueRequired\":true,\"valueName\":\"search_term_string\"}}],\"inLanguage\":\"en-US\"},{\"@type\":\"Organization\",\"@id\":\"https:\\\/\\\/tarnsjogarveri.com\\\/en\\\/#organization\",\"name\":\"T\u00e4rnsj\u00f6 Garveri\",\"url\":\"https:\\\/\\\/tarnsjogarveri.com\\\/en\\\/\",\"logo\":{\"@type\":\"ImageObject\",\"inLanguage\":\"en-US\",\"@id\":\"https:\\\/\\\/tarnsjogarveri.com\\\/en\\\/#\\\/schema\\\/logo\\\/image\\\/\",\"url\":\"https:\\\/\\\/tarnsjogarveri.com\\\/wp-content\\\/uploads\\\/2026\\\/02\\\/Tarnsjo-Garveri-340x309-1.png\",\"contentUrl\":\"https:\\\/\\\/tarnsjogarveri.com\\\/wp-content\\\/uploads\\\/2026\\\/02\\\/Tarnsjo-Garveri-340x309-1.png\",\"width\":340,\"height\":309,\"caption\":\"T\u00e4rnsj\u00f6 Garveri\"},\"image\":{\"@id\":\"https:\\\/\\\/tarnsjogarveri.com\\\/en\\\/#\\\/schema\\\/logo\\\/image\\\/\"},\"sameAs\":[\"https:\\\/\\\/www.facebook.com\\\/tarnsjogarveri\"]}]}<\/script>\n<!-- \/ Yoast SEO plugin. -->","yoast_head_json":{"title":"Cart - T\u00e4rnsj\u00f6 Garveri","robots":{"index":"index","follow":"follow","max-snippet":"max-snippet:-1","max-image-preview":"max-image-preview:large","max-video-preview":"max-video-preview:-1"},"canonical":"https:\/\/tarnsjogarveri.com\/en\/cart\/","og_locale":"en_US","og_type":"article","og_title":"Cart - T\u00e4rnsj\u00f6 Garveri","og_url":"https:\/\/tarnsjogarveri.com\/en\/cart\/","og_site_name":"T\u00e4rnsj\u00f6 Garveri","article_publisher":"https:\/\/www.facebook.com\/tarnsjogarveri","article_modified_time":"2026-04-29T12:39:59+00:00","twitter_card":"summary_large_image","schema":{"@context":"https:\/\/schema.org","@graph":[{"@type":"WebPage","@id":"https:\/\/tarnsjogarveri.com\/en\/cart\/","url":"https:\/\/tarnsjogarveri.com\/en\/cart\/","name":"Cart - T\u00e4rnsj\u00f6 Garveri","isPartOf":{"@id":"https:\/\/tarnsjogarveri.com\/en\/#website"},"datePublished":"2026-02-27T10:29:21+00:00","dateModified":"2026-04-29T12:39:59+00:00","breadcrumb":{"@id":"https:\/\/tarnsjogarveri.com\/en\/cart\/#breadcrumb"},"inLanguage":"en-US","potentialAction":[{"@type":"ReadAction","target":["https:\/\/tarnsjogarveri.com\/en\/cart\/"]}]},{"@type":"BreadcrumbList","@id":"https:\/\/tarnsjogarveri.com\/en\/cart\/#breadcrumb","itemListElement":[{"@type":"ListItem","position":1,"name":"Hem","item":"https:\/\/tarnsjogarveri.com\/en\/home\/"},{"@type":"ListItem","position":2,"name":"Cart"}]},{"@type":"WebSite","@id":"https:\/\/tarnsjogarveri.com\/en\/#website","url":"https:\/\/tarnsjogarveri.com\/en\/","name":"www.tarnsjogarveri.se","description":"","publisher":{"@id":"https:\/\/tarnsjogarveri.com\/en\/#organization"},"potentialAction":[{"@type":"SearchAction","target":{"@type":"EntryPoint","urlTemplate":"https:\/\/tarnsjogarveri.com\/en\/?s={search_term_string}"},"query-input":{"@type":"PropertyValueSpecification","valueRequired":true,"valueName":"search_term_string"}}],"inLanguage":"en-US"},{"@type":"Organization","@id":"https:\/\/tarnsjogarveri.com\/en\/#organization","name":"T\u00e4rnsj\u00f6 Garveri","url":"https:\/\/tarnsjogarveri.com\/en\/","logo":{"@type":"ImageObject","inLanguage":"en-US","@id":"https:\/\/tarnsjogarveri.com\/en\/#\/schema\/logo\/image\/","url":"https:\/\/tarnsjogarveri.com\/wp-content\/uploads\/2026\/02\/Tarnsjo-Garveri-340x309-1.png","contentUrl":"https:\/\/tarnsjogarveri.com\/wp-content\/uploads\/2026\/02\/Tarnsjo-Garveri-340x309-1.png","width":340,"height":309,"caption":"T\u00e4rnsj\u00f6 Garveri"},"image":{"@id":"https:\/\/tarnsjogarveri.com\/en\/#\/schema\/logo\/image\/"},"sameAs":["https:\/\/www.facebook.com\/tarnsjogarveri"]}]}},"jetpack_sharing_enabled":true,"_links":{"self":[{"href":"https:\/\/tarnsjogarveri.com\/en\/wp-json\/wp\/v2\/pages\/20821","targetHints":{"allow":["GET"]}}],"collection":[{"href":"https:\/\/tarnsjogarveri.com\/en\/wp-json\/wp\/v2\/pages"}],"about":[{"href":"https:\/\/tarnsjogarveri.com\/en\/wp-json\/wp\/v2\/types\/page"}],"author":[{"embeddable":true,"href":"https:\/\/tarnsjogarveri.com\/en\/wp-json\/wp\/v2\/users\/5922"}],"replies":[{"embeddable":true,"href":"https:\/\/tarnsjogarveri.com\/en\/wp-json\/wp\/v2\/comments?post=20821"}],"version-history":[{"count":1,"href":"https:\/\/tarnsjogarveri.com\/en\/wp-json\/wp\/v2\/pages\/20821\/revisions"}],"predecessor-version":[{"id":20824,"href":"https:\/\/tarnsjogarveri.com\/en\/wp-json\/wp\/v2\/pages\/20821\/revisions\/20824"}],"wp:attachment":[{"href":"https:\/\/tarnsjogarveri.com\/en\/wp-json\/wp\/v2\/media?parent=20821"}],"curies":[{"name":"wp","href":"https:\/\/api.w.org\/{rel}","templated":true}]}}