{"id":20869,"date":"2026-02-26T12:16:53","date_gmt":"2026-02-26T12:16:53","guid":{"rendered":"https:\/\/tarnsjogarveri.com\/about-us\/"},"modified":"2026-04-29T12:57:31","modified_gmt":"2026-04-29T12:57:31","slug":"about-us","status":"publish","type":"page","link":"https:\/\/tarnsjogarveri.com\/en\/about-us\/","title":{"rendered":"About Us"},"content":{"rendered":"<div id='full_slider_1'  class='avia-fullwidth-slider main_color avia-shadow   avia-builder-el-0  el_before_av_section  avia-builder-el-first   container_wrap fullsize'  >\n<style type=\"text\/css\" data-created_by=\"avia_inline_auto\" id=\"style-css-av-mm3ybz31-b1c6101e22a7e22e2ec3d1c294b97f67\">\n#top #wrap_all .avia-slideshow .av-slideshow-caption.av-mm3ybz31-b1c6101e22a7e22e2ec3d1c294b97f67__0 .avia-caption-title{\nfont-size:60px;\n}\n<\/style>\n<div  class='avia-slideshow av-mm3ybz31-b1c6101e22a7e22e2ec3d1c294b97f67 avia-slideshow-featured av_slideshow_full avia-fade-slider av-slideshow-ui av-control-default av-slideshow-manual av-loop-once av-loop-manual-endless av-default-height-applied   avia-slideshow-1' data-slideshow-options=\"{&quot;animation&quot;:&quot;fade&quot;,&quot;autoplay&quot;:false,&quot;loop_autoplay&quot;:&quot;once&quot;,&quot;interval&quot;:5,&quot;loop_manual&quot;:&quot;manual-endless&quot;,&quot;autoplay_stopper&quot;:false,&quot;noNavigation&quot;:false,&quot;bg_slider&quot;:false,&quot;keep_padding&quot;:false,&quot;hoverpause&quot;:false,&quot;show_slide_delay&quot;:0}\"  itemprop=\"image\" itemscope=\"itemscope\" itemtype=\"https:\/\/schema.org\/ImageObject\" ><ul class='avia-slideshow-inner ' style='padding-bottom: 28.666666666667%;'><li  class='avia-slideshow-slide av-mm3ybz31-b1c6101e22a7e22e2ec3d1c294b97f67__0  av-single-slide slide-1 slide-odd'><div data-rel='slideshow-1' class='avia-slide-wrap '   ><img decoding=\"async\" fetchpriority=\"high\" class=\"wp-image-20887 avia-img-lazy-loading-not-20887\"  src=\"https:\/\/tarnsjogarveri.com\/wp-content\/uploads\/2026\/02\/miljo.jpg\" width=\"1500\" height=\"430\" title='' alt='T\u00e4rnsj\u00f6 Garveri Environment'  itemprop=\"thumbnailUrl\" srcset=\"https:\/\/tarnsjogarveri.com\/wp-content\/uploads\/2026\/02\/miljo.jpg 1500w, https:\/\/tarnsjogarveri.com\/wp-content\/uploads\/2026\/02\/miljo-600x172.jpg 600w, https:\/\/tarnsjogarveri.com\/wp-content\/uploads\/2026\/02\/miljo-300x86.jpg 300w, https:\/\/tarnsjogarveri.com\/wp-content\/uploads\/2026\/02\/miljo-1030x295.jpg 1030w, https:\/\/tarnsjogarveri.com\/wp-content\/uploads\/2026\/02\/miljo-768x220.jpg 768w, https:\/\/tarnsjogarveri.com\/wp-content\/uploads\/2026\/02\/miljo-705x202.jpg 705w\" sizes=\"(max-width: 1500px) 100vw, 1500px\" \/><\/div><\/li><\/ul><\/div><\/div>\n<div id='av_section_1'  class='avia-section av-1nkds-4fa3b6fbfa792d8efbe4abdffd245240 main_color avia-section-default avia-no-border-styling  avia-builder-el-1  el_after_av_slideshow_full  el_before_av_section  avia-bg-style-scroll container_wrap fullsize'  ><div class='container av-section-cont-open' ><div class='template-page content  av-content-full alpha units'><div class='post-entry post-entry-type-page post-entry-20869'><div class='entry-content-wrapper clearfix'>\n<div  class='flex_column av-sl10-688835d883a2325f8ff04037ece48887 av_one_half  avia-builder-el-2  el_before_av_one_half  avia-builder-el-first  first flex_column_div  '     ><section  class='av_textblock_section av-mm3fdx1t-36da1bb690fc4bea33fc3d72e895ee89 '   itemscope=\"itemscope\" itemtype=\"https:\/\/schema.org\/CreativeWork\" ><div class='avia_textblock'  itemprop=\"text\" ><h1>About T\u00e4rnsj\u00f6 Garveri<\/h1>\n<p>T\u00e4rnsj\u00f6 Garveri has approximately 50 employees. Together, these individuals possess extensive knowledge and experience in vegetable tanning and saddlery craftsmanship. T\u00e4rnsj\u00f6 Garveri annually produces 700,000 square feet of the finest possible leather, exclusively using the vegetable tanning method and hides from Swedish farms. A large portion of the leather is shipped to our customers across various industries worldwide, but a growing share also passes through our saddlery production, where it is refined into products for both clients and our own collections. We have operated from the same location here in T\u00e4rnsj\u00f6 since 1873. While production methods have evolved and modernized, the tradition of craftsmanship endures and is passed down from generation to generation.     <\/p>\n<p>Today, barely 5% of all leather worldwide is produced using the traditional vegetable tanning method. The majority is instead produced with the more time- and cost-efficient chrome tanning. However, T\u00e4rnsj\u00f6 Garveri, with the utmost respect for both the product and nature, has chosen to exclusively vegetable tan with bark extracts since 1988, and to only use water-based finishing products. The result is a natural product with a beautiful and timeless aesthetic expression that continues to develop and acquire a patina.<\/p>\n<\/div><\/section><\/div><div  class='flex_column av-13eb9-84d4bd822da21a59aa59302ee78d12b9 av_one_half  avia-builder-el-4  el_after_av_one_half  el_before_av_one_half  flex_column_div  '     ><style type=\"text\/css\" data-created_by=\"avia_inline_auto\" id=\"style-css-av-2ssvt-113ec57c434d3ff83efd66822db2d6ca\">\n.avia-image-container.av-2ssvt-113ec57c434d3ff83efd66822db2d6ca img.avia_image{\nbox-shadow:none;\n}\n.avia-image-container.av-2ssvt-113ec57c434d3ff83efd66822db2d6ca .av-image-caption-overlay-center{\ncolor:#ffffff;\n}\n<\/style>\n<div  class='avia-image-container av-2ssvt-113ec57c434d3ff83efd66822db2d6ca av-styling- avia-align-center  avia-builder-el-5  avia-builder-el-no-sibling '   itemprop=\"image\" itemscope=\"itemscope\" itemtype=\"https:\/\/schema.org\/ImageObject\" ><div class=\"avia-image-container-inner\"><div class=\"avia-image-overlay-wrap\"><img decoding=\"async\" fetchpriority=\"high\" class='wp-image-20870 avia-img-lazy-loading-not-20870 avia_image ' src=\"https:\/\/tarnsjogarveri.com\/wp-content\/uploads\/2026\/02\/valk-1080.jpg\" alt='T\u00e4rnsj\u00f6 Garveri Milling Drum' title=''  height=\"1080\" width=\"1080\"  itemprop=\"thumbnailUrl\" srcset=\"https:\/\/tarnsjogarveri.com\/wp-content\/uploads\/2026\/02\/valk-1080.jpg 1080w, https:\/\/tarnsjogarveri.com\/wp-content\/uploads\/2026\/02\/valk-1080-300x300.jpg 300w, https:\/\/tarnsjogarveri.com\/wp-content\/uploads\/2026\/02\/valk-1080-100x100.jpg 100w, https:\/\/tarnsjogarveri.com\/wp-content\/uploads\/2026\/02\/valk-1080-600x600.jpg 600w, https:\/\/tarnsjogarveri.com\/wp-content\/uploads\/2026\/02\/valk-1080-1030x1030.jpg 1030w, https:\/\/tarnsjogarveri.com\/wp-content\/uploads\/2026\/02\/valk-1080-80x80.jpg 80w, https:\/\/tarnsjogarveri.com\/wp-content\/uploads\/2026\/02\/valk-1080-768x768.jpg 768w, https:\/\/tarnsjogarveri.com\/wp-content\/uploads\/2026\/02\/valk-1080-36x36.jpg 36w, https:\/\/tarnsjogarveri.com\/wp-content\/uploads\/2026\/02\/valk-1080-180x180.jpg 180w, https:\/\/tarnsjogarveri.com\/wp-content\/uploads\/2026\/02\/valk-1080-705x705.jpg 705w\" sizes=\"(max-width: 1080px) 100vw, 1080px\" \/><\/div><\/div><\/div><\/div><div  class='flex_column av-1qswl-bc65a82b33899d1320be514a4f45cfdc av_one_half  avia-builder-el-6  el_after_av_one_half  el_before_av_one_half  first flex_column_div  column-top-margin'     ><section  class='av_textblock_section av-mmbqw8dt-de67e14db4bd7842ee4ffcd837d5e867 '   itemscope=\"itemscope\" itemtype=\"https:\/\/schema.org\/CreativeWork\" ><div class='avia_textblock'  itemprop=\"text\" ><h2>Our Philosophy<\/h2>\n<p>In a world where speed often takes precedence over quality, we at T\u00e4rnsj\u00f6 Garveri have chosen a different path \u2013 a slower, yet more meaningful one.<\/p>\n<p>We are one of the world&#8217;s last tanneries that still vegetable tans \u2013 with pride, with care, and with full respect for nature. Here, leather is created that not only tells a story but also carries a future. Everything happens locally, under one roof, from raw hides sourced from local slaughterhouses to the finished product. Every step is characterized by craftsmanship, tradition, and a deep commitment to sustainability.     <\/p>\n<p>Our materials can be found in iconic furniture, exclusive hotels, and environments where every detail is meticulously considered. It is only when you see it, touch it, and smell it that you fully understand its true value and infinite possibilities.<\/p>\n<\/div><\/section><\/div><div  class='flex_column av-3w85-0f3060ace3dfead93c57c9bba28ad2e2 av_one_half  avia-builder-el-8  el_after_av_one_half  avia-builder-el-last  flex_column_div  column-top-margin'     ><section  class='av_textblock_section av-mmbr32jv-624b63919a723ba530bdd295f1452c97 '   itemscope=\"itemscope\" itemtype=\"https:\/\/schema.org\/CreativeWork\" ><div class='avia_textblock'  itemprop=\"text\" ><h2>Inherited Sustainability<\/h2>\n<p>As early as 1988, we chose to cease chrome tanning and instead wholeheartedly commit to traditional vegetable tanning \u2013 a decision that proved to be far ahead of its time. <\/p>\n<p>We take responsibility for our role in nature&#8217;s cycle and today operate the company fossil-free. We are constantly seeking new ways to reduce our environmental impact. <\/p>\n<p>We believe in a circular approach: where by-products are refined into leather, where products are created with care, used with respect, and acquire a patina filled with memories and love. Where products are passed down through generations.<\/p>\n<\/div><\/section><\/div><\/div><\/div><\/div><!-- close content main div --><\/div><\/div><div id='av_section_2'  class='avia-section av-28kn5-1b1ec3bf1a64b7c789fefc87fb83dcc6 main_color avia-section-default avia-no-border-styling  avia-builder-el-10  el_after_av_section  avia-builder-el-last  avia-bg-style-scroll container_wrap fullsize'  ><div class='container av-section-cont-open' ><div class='template-page content  av-content-full alpha units'><div class='post-entry post-entry-type-page post-entry-20869'><div class='entry-content-wrapper clearfix'>\n<div  class='flex_column av-1l9it-f6e7b5aadb4001886a9dcc36e54e3392 av_two_third  avia-builder-el-11  el_before_av_one_third  avia-builder-el-first  first flex_column_div  '     ><section  class='av_textblock_section av-2b1x1-4dab7eaab9d7834d678b728fc6e6ba42 '   itemscope=\"itemscope\" itemtype=\"https:\/\/schema.org\/CreativeWork\" ><div class='avia_textblock'  itemprop=\"text\" ><h2>The History of T\u00e4rnsj\u00f6 Garveri<\/h2>\n<p>The history of T\u00e4rnsj\u00f6 Garveri begins in 1873, when the \u00c5str\u00f6m family purchased a small tannery by Lake T\u00e4rnsj\u00f6n and named it T\u00e4rnsj\u00f6 \u00c5nggarveri (T\u00e4rnsj\u00f6 Steam Tannery). Operations were small at the start, but ambitions were high. When Julius \u00c5str\u00f6m took over in 1900, he rapidly developed the tannery. He renovated the building, expanded the business, and in 1913, the company began manufacturing saddlery for local farmers. In 1917, the company was hit by a fire that nearly brought everything to a halt, but Julius built a new and larger factory \u2013 and production was back up and running with 30 employees just three months later. Over the following decades, both the product range and the reputation for T\u00e4rnsj\u00f6&#8217;s craftsmanship and quality grew.     <\/p>\n<p>In 1940, the company passed to the third generation when Torsten \u00c5str\u00f6m took over. The need for larger premises led to an extensive construction project that began in 1942 and was completed in 1946. The new factory was modern for its time, with three floors and an elevator to reduce the burden on staff \u2013 and the building is still in use today. In the coming years, operations continued to grow, both in the number of employees and in the breadth of products. At its peak, the company had around 180 employees, and even King Gustav VI Adolf of Sweden visited the tannery. However, after many years of expansion, the situation became tough, and in 1970, the company was close to bankruptcy. To save the business, the \u00c5str\u00f6m family sold the company, and after 98 years, the era as a family business concluded.      <\/p>\n<p>In 1971, Nils Nyman took over and modernized the factory and machinery. In 1988, a crucial decision was made: to stop chrome tanning and instead fully commit to vegetable tanning \u2013 a bold step that later proved to be far ahead of its time. The years 1989\u20131993 became a period of uncertainty with venture capital owners and another fire, which was particularly devastating as the insurance company had gone bankrupt. The turning point came in 1993 when Torbj\u00f6rn Lundin and Axel Bod\u00e9ns Handels AB took over, changed the name to T\u00e4rnsj\u00f6 Garveri AB, and set a clear direction towards interior design and furniture for a global market. Since 2012, the company has been led by owner and chairman Axel Bod\u00e9n, with a continued focus on vegetable-tanned leather, solid craftsmanship, and respect for the material&#8217;s natural character.<\/p>\n<\/div><\/section><\/div><div  class='flex_column av-1aes5-8adce842e937e2b65888567bbf2f78c3 av_one_third  avia-builder-el-13  el_after_av_two_third  avia-builder-el-last  flex_column_div  '     ><p>\n<style type=\"text\/css\" data-created_by=\"avia_inline_auto\" id=\"style-css-av-mmdxq1if-dd2548b7afd42d471369ed0ef574f592\">\n.avia-image-container.av-mmdxq1if-dd2548b7afd42d471369ed0ef574f592 img.avia_image{\nbox-shadow:none;\n}\n.avia-image-container.av-mmdxq1if-dd2548b7afd42d471369ed0ef574f592 .av-image-caption-overlay-center{\ncolor:#ffffff;\n}\n<\/style>\n<div  class='avia-image-container av-mmdxq1if-dd2548b7afd42d471369ed0ef574f592 av-styling- avia-align-center  avia-builder-el-14  el_before_av_image  avia-builder-el-first '   itemprop=\"image\" itemscope=\"itemscope\" itemtype=\"https:\/\/schema.org\/ImageObject\" ><div class=\"avia-image-container-inner\"><div class=\"avia-image-overlay-wrap\"><img decoding=\"async\" fetchpriority=\"high\" class='wp-image-20873 avia-img-lazy-loading-not-20873 avia_image ' src=\"https:\/\/tarnsjogarveri.com\/wp-content\/uploads\/2026\/03\/2.jpg.webp\" alt='T\u00e4rnsj\u00f6 Garveri' title=''  height=\"496\" width=\"730\"  itemprop=\"thumbnailUrl\" srcset=\"https:\/\/tarnsjogarveri.com\/wp-content\/uploads\/2026\/03\/2.jpg.webp 730w, https:\/\/tarnsjogarveri.com\/wp-content\/uploads\/2026\/03\/2.jpg-600x408.webp 600w, https:\/\/tarnsjogarveri.com\/wp-content\/uploads\/2026\/03\/2.jpg-300x204.webp 300w, https:\/\/tarnsjogarveri.com\/wp-content\/uploads\/2026\/03\/2.jpg-705x479.webp 705w, https:\/\/tarnsjogarveri.com\/wp-content\/uploads\/2026\/03\/2.jpg-450x306.webp 450w\" sizes=\"(max-width: 730px) 100vw, 730px\" \/><\/div><\/div><\/div><br \/>\n\n<style type=\"text\/css\" data-created_by=\"avia_inline_auto\" id=\"style-css-av-vu39-892bdb5eae060f4f0e983f57cea75fa9\">\n.avia-image-container.av-vu39-892bdb5eae060f4f0e983f57cea75fa9 img.avia_image{\nbox-shadow:none;\n}\n.avia-image-container.av-vu39-892bdb5eae060f4f0e983f57cea75fa9 .av-image-caption-overlay-center{\ncolor:#ffffff;\n}\n<\/style>\n<div  class='avia-image-container av-vu39-892bdb5eae060f4f0e983f57cea75fa9 av-styling- avia-align-center  avia-builder-el-15  el_after_av_image  avia-builder-el-last '   itemprop=\"image\" itemscope=\"itemscope\" itemtype=\"https:\/\/schema.org\/ImageObject\" ><div class=\"avia-image-container-inner\"><div class=\"avia-image-overlay-wrap\"><img decoding=\"async\" fetchpriority=\"high\" class='wp-image-20871 avia-img-lazy-loading-not-20871 avia_image ' src=\"https:\/\/tarnsjogarveri.com\/wp-content\/uploads\/2026\/03\/4.jpg.webp\" alt='T\u00e4rnsj\u00f6 Garveri' title=''  height=\"496\" width=\"730\"  itemprop=\"thumbnailUrl\" srcset=\"https:\/\/tarnsjogarveri.com\/wp-content\/uploads\/2026\/03\/4.jpg.webp 730w, https:\/\/tarnsjogarveri.com\/wp-content\/uploads\/2026\/03\/4.jpg-600x408.webp 600w, https:\/\/tarnsjogarveri.com\/wp-content\/uploads\/2026\/03\/4.jpg-300x204.webp 300w, https:\/\/tarnsjogarveri.com\/wp-content\/uploads\/2026\/03\/4.jpg-705x479.webp 705w, https:\/\/tarnsjogarveri.com\/wp-content\/uploads\/2026\/03\/4.jpg-450x306.webp 450w\" sizes=\"(max-width: 730px) 100vw, 730px\" \/><\/div><\/div><\/div><\/p><\/div>\n<\/p>\n","protected":false},"excerpt":{"rendered":"","protected":false},"author":1,"featured_media":0,"parent":0,"menu_order":0,"comment_status":"closed","ping_status":"closed","template":"","meta":{"footnotes":""},"class_list":["post-20869","page","type-page","status-publish","hentry"],"yoast_head":"<!-- This site is optimized with the Yoast SEO plugin v27.5 - https:\/\/yoast.com\/product\/yoast-seo-wordpress\/ -->\n<title>About Us - T\u00e4rnsj\u00f6 Garveri<\/title>\n<meta name=\"robots\" content=\"index, follow, max-snippet:-1, max-image-preview:large, max-video-preview:-1\" \/>\n<link rel=\"canonical\" href=\"https:\/\/tarnsjogarveri.com\/en\/about-us\/\" \/>\n<meta property=\"og:locale\" content=\"en_US\" \/>\n<meta property=\"og:type\" content=\"article\" \/>\n<meta property=\"og:title\" content=\"About Us - T\u00e4rnsj\u00f6 Garveri\" \/>\n<meta property=\"og:url\" content=\"https:\/\/tarnsjogarveri.com\/en\/about-us\/\" \/>\n<meta property=\"og:site_name\" content=\"T\u00e4rnsj\u00f6 Garveri\" \/>\n<meta property=\"article:publisher\" content=\"https:\/\/www.facebook.com\/tarnsjogarveri\" \/>\n<meta property=\"article:modified_time\" content=\"2026-04-29T12:57:31+00:00\" \/>\n<meta name=\"twitter:card\" content=\"summary_large_image\" \/>\n<meta name=\"twitter:label1\" content=\"Est. reading time\" \/>\n\t<meta name=\"twitter:data1\" content=\"32 minutes\" \/>\n<script type=\"application\/ld+json\" class=\"yoast-schema-graph\">{\"@context\":\"https:\\\/\\\/schema.org\",\"@graph\":[{\"@type\":\"WebPage\",\"@id\":\"https:\\\/\\\/tarnsjogarveri.com\\\/en\\\/about-us\\\/\",\"url\":\"https:\\\/\\\/tarnsjogarveri.com\\\/en\\\/about-us\\\/\",\"name\":\"About Us - T\u00e4rnsj\u00f6 Garveri\",\"isPartOf\":{\"@id\":\"https:\\\/\\\/tarnsjogarveri.com\\\/en\\\/#website\"},\"datePublished\":\"2026-02-26T12:16:53+00:00\",\"dateModified\":\"2026-04-29T12:57:31+00:00\",\"breadcrumb\":{\"@id\":\"https:\\\/\\\/tarnsjogarveri.com\\\/en\\\/about-us\\\/#breadcrumb\"},\"inLanguage\":\"en-US\",\"potentialAction\":[{\"@type\":\"ReadAction\",\"target\":[\"https:\\\/\\\/tarnsjogarveri.com\\\/en\\\/about-us\\\/\"]}]},{\"@type\":\"BreadcrumbList\",\"@id\":\"https:\\\/\\\/tarnsjogarveri.com\\\/en\\\/about-us\\\/#breadcrumb\",\"itemListElement\":[{\"@type\":\"ListItem\",\"position\":1,\"name\":\"Hem\",\"item\":\"https:\\\/\\\/tarnsjogarveri.com\\\/en\\\/home\\\/\"},{\"@type\":\"ListItem\",\"position\":2,\"name\":\"About Us\"}]},{\"@type\":\"WebSite\",\"@id\":\"https:\\\/\\\/tarnsjogarveri.com\\\/en\\\/#website\",\"url\":\"https:\\\/\\\/tarnsjogarveri.com\\\/en\\\/\",\"name\":\"www.tarnsjogarveri.se\",\"description\":\"\",\"publisher\":{\"@id\":\"https:\\\/\\\/tarnsjogarveri.com\\\/en\\\/#organization\"},\"potentialAction\":[{\"@type\":\"SearchAction\",\"target\":{\"@type\":\"EntryPoint\",\"urlTemplate\":\"https:\\\/\\\/tarnsjogarveri.com\\\/en\\\/?s={search_term_string}\"},\"query-input\":{\"@type\":\"PropertyValueSpecification\",\"valueRequired\":true,\"valueName\":\"search_term_string\"}}],\"inLanguage\":\"en-US\"},{\"@type\":\"Organization\",\"@id\":\"https:\\\/\\\/tarnsjogarveri.com\\\/en\\\/#organization\",\"name\":\"T\u00e4rnsj\u00f6 Garveri\",\"url\":\"https:\\\/\\\/tarnsjogarveri.com\\\/en\\\/\",\"logo\":{\"@type\":\"ImageObject\",\"inLanguage\":\"en-US\",\"@id\":\"https:\\\/\\\/tarnsjogarveri.com\\\/en\\\/#\\\/schema\\\/logo\\\/image\\\/\",\"url\":\"https:\\\/\\\/tarnsjogarveri.com\\\/wp-content\\\/uploads\\\/2026\\\/02\\\/Tarnsjo-Garveri-340x309-1.png\",\"contentUrl\":\"https:\\\/\\\/tarnsjogarveri.com\\\/wp-content\\\/uploads\\\/2026\\\/02\\\/Tarnsjo-Garveri-340x309-1.png\",\"width\":340,\"height\":309,\"caption\":\"T\u00e4rnsj\u00f6 Garveri\"},\"image\":{\"@id\":\"https:\\\/\\\/tarnsjogarveri.com\\\/en\\\/#\\\/schema\\\/logo\\\/image\\\/\"},\"sameAs\":[\"https:\\\/\\\/www.facebook.com\\\/tarnsjogarveri\"]}]}<\/script>\n<!-- \/ Yoast SEO plugin. -->","yoast_head_json":{"title":"About Us - T\u00e4rnsj\u00f6 Garveri","robots":{"index":"index","follow":"follow","max-snippet":"max-snippet:-1","max-image-preview":"max-image-preview:large","max-video-preview":"max-video-preview:-1"},"canonical":"https:\/\/tarnsjogarveri.com\/en\/about-us\/","og_locale":"en_US","og_type":"article","og_title":"About Us - T\u00e4rnsj\u00f6 Garveri","og_url":"https:\/\/tarnsjogarveri.com\/en\/about-us\/","og_site_name":"T\u00e4rnsj\u00f6 Garveri","article_publisher":"https:\/\/www.facebook.com\/tarnsjogarveri","article_modified_time":"2026-04-29T12:57:31+00:00","twitter_card":"summary_large_image","twitter_misc":{"Est. reading time":"32 minutes"},"schema":{"@context":"https:\/\/schema.org","@graph":[{"@type":"WebPage","@id":"https:\/\/tarnsjogarveri.com\/en\/about-us\/","url":"https:\/\/tarnsjogarveri.com\/en\/about-us\/","name":"About Us - T\u00e4rnsj\u00f6 Garveri","isPartOf":{"@id":"https:\/\/tarnsjogarveri.com\/en\/#website"},"datePublished":"2026-02-26T12:16:53+00:00","dateModified":"2026-04-29T12:57:31+00:00","breadcrumb":{"@id":"https:\/\/tarnsjogarveri.com\/en\/about-us\/#breadcrumb"},"inLanguage":"en-US","potentialAction":[{"@type":"ReadAction","target":["https:\/\/tarnsjogarveri.com\/en\/about-us\/"]}]},{"@type":"BreadcrumbList","@id":"https:\/\/tarnsjogarveri.com\/en\/about-us\/#breadcrumb","itemListElement":[{"@type":"ListItem","position":1,"name":"Hem","item":"https:\/\/tarnsjogarveri.com\/en\/home\/"},{"@type":"ListItem","position":2,"name":"About Us"}]},{"@type":"WebSite","@id":"https:\/\/tarnsjogarveri.com\/en\/#website","url":"https:\/\/tarnsjogarveri.com\/en\/","name":"www.tarnsjogarveri.se","description":"","publisher":{"@id":"https:\/\/tarnsjogarveri.com\/en\/#organization"},"potentialAction":[{"@type":"SearchAction","target":{"@type":"EntryPoint","urlTemplate":"https:\/\/tarnsjogarveri.com\/en\/?s={search_term_string}"},"query-input":{"@type":"PropertyValueSpecification","valueRequired":true,"valueName":"search_term_string"}}],"inLanguage":"en-US"},{"@type":"Organization","@id":"https:\/\/tarnsjogarveri.com\/en\/#organization","name":"T\u00e4rnsj\u00f6 Garveri","url":"https:\/\/tarnsjogarveri.com\/en\/","logo":{"@type":"ImageObject","inLanguage":"en-US","@id":"https:\/\/tarnsjogarveri.com\/en\/#\/schema\/logo\/image\/","url":"https:\/\/tarnsjogarveri.com\/wp-content\/uploads\/2026\/02\/Tarnsjo-Garveri-340x309-1.png","contentUrl":"https:\/\/tarnsjogarveri.com\/wp-content\/uploads\/2026\/02\/Tarnsjo-Garveri-340x309-1.png","width":340,"height":309,"caption":"T\u00e4rnsj\u00f6 Garveri"},"image":{"@id":"https:\/\/tarnsjogarveri.com\/en\/#\/schema\/logo\/image\/"},"sameAs":["https:\/\/www.facebook.com\/tarnsjogarveri"]}]}},"jetpack_sharing_enabled":true,"_links":{"self":[{"href":"https:\/\/tarnsjogarveri.com\/en\/wp-json\/wp\/v2\/pages\/20869","targetHints":{"allow":["GET"]}}],"collection":[{"href":"https:\/\/tarnsjogarveri.com\/en\/wp-json\/wp\/v2\/pages"}],"about":[{"href":"https:\/\/tarnsjogarveri.com\/en\/wp-json\/wp\/v2\/types\/page"}],"author":[{"embeddable":true,"href":"https:\/\/tarnsjogarveri.com\/en\/wp-json\/wp\/v2\/users\/1"}],"replies":[{"embeddable":true,"href":"https:\/\/tarnsjogarveri.com\/en\/wp-json\/wp\/v2\/comments?post=20869"}],"version-history":[{"count":3,"href":"https:\/\/tarnsjogarveri.com\/en\/wp-json\/wp\/v2\/pages\/20869\/revisions"}],"predecessor-version":[{"id":20877,"href":"https:\/\/tarnsjogarveri.com\/en\/wp-json\/wp\/v2\/pages\/20869\/revisions\/20877"}],"wp:attachment":[{"href":"https:\/\/tarnsjogarveri.com\/en\/wp-json\/wp\/v2\/media?parent=20869"}],"curies":[{"name":"wp","href":"https:\/\/api.w.org\/{rel}","templated":true}]}}