{"id":21046,"date":"2026-02-27T12:10:47","date_gmt":"2026-02-27T12:10:47","guid":{"rendered":"https:\/\/tarnsjogarveri.com\/leather-accessories\/"},"modified":"2026-04-29T12:59:12","modified_gmt":"2026-04-29T12:59:12","slug":"leather-accessories","status":"publish","type":"page","link":"https:\/\/tarnsjogarveri.com\/en\/shop-2\/leather-accessories\/","title":{"rendered":"Leather &amp; accessories"},"content":{"rendered":"<div id='full_slider_1'  class='avia-fullwidth-slider main_color avia-shadow   avia-builder-el-0  el_before_av_section  avia-builder-el-first   container_wrap fullsize'  ><div  class='avia-slideshow av-mmnn65ir-7dbc488dac6a3ee144e42f85fd53b911 avia-slideshow-featured av_slideshow_full avia-slide-slider av-slideshow-ui av-control-default av-slideshow-manual av-loop-once av-loop-manual-endless av-default-height-applied  image_no_stretch avia-slideshow-1' data-slideshow-options=\"{&quot;animation&quot;:&quot;slide&quot;,&quot;autoplay&quot;:false,&quot;loop_autoplay&quot;:&quot;once&quot;,&quot;interval&quot;:5,&quot;loop_manual&quot;:&quot;manual-endless&quot;,&quot;autoplay_stopper&quot;:false,&quot;noNavigation&quot;:false,&quot;bg_slider&quot;:false,&quot;keep_padding&quot;:false,&quot;hoverpause&quot;:false,&quot;show_slide_delay&quot;:0}\"  itemprop=\"image\" itemscope=\"itemscope\" itemtype=\"https:\/\/schema.org\/ImageObject\" ><ul class='avia-slideshow-inner ' style='padding-bottom: 28.666666666667%;'><li  class='avia-slideshow-slide av-mmnn65ir-7dbc488dac6a3ee144e42f85fd53b911__0  av-single-slide slide-1 slide-odd'><div data-rel='slideshow-1' class='avia-slide-wrap '   ><img decoding=\"async\" fetchpriority=\"high\" class=\"wp-image-20861 avia-img-lazy-loading-not-20861\"  src=\"https:\/\/tarnsjogarveri.com\/wp-content\/uploads\/2026\/03\/Laderspill-ha-1500x430.jpg\" width=\"1500\" height=\"430\" title='' alt='T\u00e4rnsj\u00f6 Garveri L\u00e4derspill'  itemprop=\"thumbnailUrl\" srcset=\"https:\/\/tarnsjogarveri.com\/wp-content\/uploads\/2026\/03\/Laderspill-ha-1500x430.jpg 1500w, https:\/\/tarnsjogarveri.com\/wp-content\/uploads\/2026\/03\/Laderspill-ha-300x86.jpg 300w, https:\/\/tarnsjogarveri.com\/wp-content\/uploads\/2026\/03\/Laderspill-ha-1030x295.jpg 1030w, https:\/\/tarnsjogarveri.com\/wp-content\/uploads\/2026\/03\/Laderspill-ha-768x220.jpg 768w, https:\/\/tarnsjogarveri.com\/wp-content\/uploads\/2026\/03\/Laderspill-ha-1536x440.jpg 1536w, https:\/\/tarnsjogarveri.com\/wp-content\/uploads\/2026\/03\/Laderspill-ha-2048x587.jpg 2048w, https:\/\/tarnsjogarveri.com\/wp-content\/uploads\/2026\/03\/Laderspill-ha-705x202.jpg 705w, https:\/\/tarnsjogarveri.com\/wp-content\/uploads\/2026\/03\/Laderspill-ha-450x129.jpg 450w, https:\/\/tarnsjogarveri.com\/wp-content\/uploads\/2026\/03\/Laderspill-ha-600x172.jpg 600w, https:\/\/tarnsjogarveri.com\/wp-content\/uploads\/2026\/03\/Laderspill-ha-350x100.jpg 350w\" sizes=\"(max-width: 1500px) 100vw, 1500px\" \/><\/div><\/li><\/ul><\/div><\/div>\n<div id='av_section_1'  class='avia-section av-1hdisda-4c5782d0c588024a47f6f496eaa9a52b main_color avia-section-small avia-no-border-styling  avia-builder-el-1  el_after_av_slideshow_full  el_before_av_hr  avia-bg-style-scroll container_wrap fullsize'  ><div class='container av-section-cont-open' ><div class='template-page content  av-content-full alpha units'><div class='post-entry post-entry-type-page post-entry-21046'><div class='entry-content-wrapper clearfix'>\n<div  class='flex_column av-3ohcou-08fec7d14b6bbd5a0441edca38965f18 av_one_half  avia-builder-el-2  el_before_av_one_half  avia-builder-el-first  first flex_column_div  '     ><section  class='av_textblock_section av-mm4u43fv-40e1eb8d0986c7cd436f29957e637350 '   itemscope=\"itemscope\" itemtype=\"https:\/\/schema.org\/CreativeWork\" ><div class='avia_textblock'  itemprop=\"text\" ><h1>Leather &amp; accessories<\/h1>\n<p>T\u00e4rnsj\u00f6\u2019s range of leather and accessories has been developed for those who want the right materials from the outset \u2013 with quality that is evident in both feel and results. Here you will find vegetable-tanned leather in carefully selected qualities and finishes, together with accessories that complement your work, all developed with great dedication and craftsmanship.<\/p>\n<\/div><\/section><\/div><div  class='flex_column av-thqpoe-068da08adc51bcc0bea21a0caf4652a6 av_one_half  avia-builder-el-4  el_after_av_one_half  avia-builder-el-last  flex_column_div  '     ><\/div>\n<\/div><\/div><\/div><!-- close content main div --><\/div><\/div><div id='after_section_1'  class='main_color av_default_container_wrap container_wrap fullsize'  ><div class='container av-section-cont-open' ><div class='template-page content  av-content-full alpha units'><div class='post-entry post-entry-type-page post-entry-21046'><div class='entry-content-wrapper clearfix'>\n\n<style type=\"text\/css\" data-created_by=\"avia_inline_auto\" id=\"style-css-av-w8c3ge-717fc01933b338cd0028e1a2ecb5d6b4\">\n#top .hr.av-w8c3ge-717fc01933b338cd0028e1a2ecb5d6b4{\nmargin-top:0px;\nmargin-bottom:0px;\n}\n.hr.av-w8c3ge-717fc01933b338cd0028e1a2ecb5d6b4 .hr-inner{\nwidth:100%;\nborder-color:#746251;\n}\n<\/style>\n<div  class='hr av-w8c3ge-717fc01933b338cd0028e1a2ecb5d6b4 hr-custom  avia-builder-el-5  el_after_av_section  el_before_av_section  avia-builder-el-no-sibling  hr-center hr-icon-no'><span class='hr-inner inner-border-av-border-thin'><span class=\"hr-inner-style\"><\/span><\/span><\/div>\n<\/div><\/div><\/div><!-- close content main div --><\/div><\/div><div id='av_section_2'  class='avia-section av-134ufbn-8a39823f145e32ad08123ac586c7df13 main_color avia-section-small avia-no-border-styling  avia-builder-el-6  el_after_av_hr  avia-builder-el-last  avia-bg-style-scroll container_wrap fullsize'  ><div class='container av-section-cont-open' ><div class='template-page content  av-content-full alpha units'><div class='post-entry post-entry-type-page post-entry-21046'><div class='entry-content-wrapper clearfix'>\n<div  class='avia-product-slider-container av-mm4u4tq2-5c81000247ef871ac396287d7f64978d template-shop avia-content-slider avia-content-grid-active shop_columns_4  avia-builder-el-7  avia-builder-el-no-sibling  avia-content-slider-even  avia-builder-el-7  avia-builder-el-no-sibling  av-slideshow-ui av-slider-hover-pause av-slideshow-manual av-loop-once av-loop-manual-endless avia-product-slider1' data-slideshow-options=\"{&quot;animation&quot;:&quot;fade&quot;,&quot;autoplay&quot;:false,&quot;loop_autoplay&quot;:&quot;once&quot;,&quot;interval&quot;:5,&quot;loop_manual&quot;:&quot;manual-endless&quot;,&quot;autoplay_stopper&quot;:false,&quot;noNavigation&quot;:false,&quot;bg_slider&quot;:false,&quot;keep_padding&quot;:false,&quot;hoverpause&quot;:true,&quot;show_slide_delay&quot;:0}\"><div class='avia-content-slider-inner'><ul class=\"products\"><li class=\"product type-product post-21286 status-publish first instock product_cat-leather-accessories product_tag-leather-strips product_tag-leather-wrapping has-post-thumbnail taxable shipping-taxable purchasable product-type-variable\">\n\t<div class='inner_product main_color wrapped_style noLightbox  av-product-class-minimal'><a href=\"https:\/\/tarnsjogarveri.com\/en\/produkt\/leather-wrapping-strips-10m\/\" class=\"woocommerce-LoopProduct-link woocommerce-loop-product__link\"><div class=\"thumbnail_container\"><img decoding=\"async\" loading=\"lazy\" width=\"300\" height=\"450\" src=\"https:\/\/tarnsjogarveri.com\/wp-content\/uploads\/2026\/02\/4X2A5161-scaled-1.jpg\" class=\"wp-image-18137 avia-img-lazy-loading-18137 attachment-shop_catalog size-shop_catalog wp-post-image\" alt=\"\" srcset=\"https:\/\/tarnsjogarveri.com\/wp-content\/uploads\/2026\/02\/4X2A5161-scaled-1.jpg 1707w, https:\/\/tarnsjogarveri.com\/wp-content\/uploads\/2026\/02\/4X2A5161-scaled-1-600x900.jpg 600w\" sizes=\"auto, (max-width: 300px) 100vw, 300px\" \/><\/div><div class='inner_product_header'><div class='avia-arrow'><\/div><div class='inner_product_header_table'><div class='inner_product_header_cell'><h2 class=\"woocommerce-loop-product__title\">Leather Wrapping Strips 10m<\/h2>\n\t<span class=\"price\"><span class=\"woocommerce-Price-amount amount\" aria-hidden=\"true\"><bdi>1 800&nbsp;<span class=\"woocommerce-Price-currencySymbol\">&#107;&#114;<\/span><\/bdi><\/span> <span aria-hidden=\"true\">&ndash;<\/span> <span class=\"woocommerce-Price-amount amount\" aria-hidden=\"true\"><bdi>2 900&nbsp;<span class=\"woocommerce-Price-currencySymbol\">&#107;&#114;<\/span><\/bdi><\/span><span class=\"screen-reader-text\">Price range: 1 800&nbsp;&#107;&#114; through 2 900&nbsp;&#107;&#114;<\/span><\/span>\n<\/div><\/div><\/div><\/a><\/div><\/li>\n<li class=\"product type-product post-21274 status-publish instock product_cat-leather-accessories has-post-thumbnail taxable shipping-taxable purchasable product-type-variable\">\n\t<div class='inner_product main_color wrapped_style noLightbox  av-product-class-minimal'><a href=\"https:\/\/tarnsjogarveri.com\/en\/produkt\/vegetable-tanned-leather-scraps-10-kg\/\" class=\"woocommerce-LoopProduct-link woocommerce-loop-product__link\"><div class=\"thumbnail_container\"><img decoding=\"async\" loading=\"lazy\" width=\"300\" height=\"450\" src=\"https:\/\/tarnsjogarveri.com\/wp-content\/uploads\/2026\/02\/leather_mixed_table-scaled-1.jpg\" class=\"wp-image-18142 avia-img-lazy-loading-18142 attachment-shop_catalog size-shop_catalog wp-post-image\" alt=\"\" srcset=\"https:\/\/tarnsjogarveri.com\/wp-content\/uploads\/2026\/02\/leather_mixed_table-scaled-1.jpg 1707w, https:\/\/tarnsjogarveri.com\/wp-content\/uploads\/2026\/02\/leather_mixed_table-scaled-1-600x900.jpg 600w\" sizes=\"auto, (max-width: 300px) 100vw, 300px\" \/><\/div><div class='inner_product_header'><div class='avia-arrow'><\/div><div class='inner_product_header_table'><div class='inner_product_header_cell'><h2 class=\"woocommerce-loop-product__title\">Vegetable Tanned Leather Scraps 10 kg<\/h2>\n\t<span class=\"price\"><span class=\"woocommerce-Price-amount amount\"><bdi>1 400&nbsp;<span class=\"woocommerce-Price-currencySymbol\">&#107;&#114;<\/span><\/bdi><\/span><\/span>\n<\/div><\/div><\/div><\/a><\/div><\/li>\n<\/ul><\/div><\/div><div class=\"clear\"><\/div>\n\n","protected":false},"excerpt":{"rendered":"","protected":false},"author":1,"featured_media":0,"parent":21060,"menu_order":0,"comment_status":"closed","ping_status":"closed","template":"","meta":{"footnotes":""},"class_list":["post-21046","page","type-page","status-publish","hentry"],"yoast_head":"<!-- This site is optimized with the Yoast SEO plugin v27.5 - https:\/\/yoast.com\/product\/yoast-seo-wordpress\/ -->\n<title>Leather &amp; accessories - T\u00e4rnsj\u00f6 Garveri<\/title>\n<meta name=\"robots\" content=\"index, follow, max-snippet:-1, max-image-preview:large, max-video-preview:-1\" \/>\n<link rel=\"canonical\" href=\"https:\/\/tarnsjogarveri.com\/en\/shop-2\/leather-accessories\/\" \/>\n<meta property=\"og:locale\" content=\"en_US\" \/>\n<meta property=\"og:type\" content=\"article\" \/>\n<meta property=\"og:title\" content=\"Leather &amp; accessories - T\u00e4rnsj\u00f6 Garveri\" \/>\n<meta property=\"og:url\" content=\"https:\/\/tarnsjogarveri.com\/en\/shop-2\/leather-accessories\/\" \/>\n<meta property=\"og:site_name\" content=\"T\u00e4rnsj\u00f6 Garveri\" \/>\n<meta property=\"article:publisher\" content=\"https:\/\/www.facebook.com\/tarnsjogarveri\" \/>\n<meta property=\"article:modified_time\" content=\"2026-04-29T12:59:12+00:00\" \/>\n<meta name=\"twitter:card\" content=\"summary_large_image\" \/>\n<meta name=\"twitter:label1\" content=\"Est. reading time\" \/>\n\t<meta name=\"twitter:data1\" content=\"11 minutes\" \/>\n<script type=\"application\/ld+json\" class=\"yoast-schema-graph\">{\"@context\":\"https:\\\/\\\/schema.org\",\"@graph\":[{\"@type\":\"WebPage\",\"@id\":\"https:\\\/\\\/tarnsjogarveri.com\\\/en\\\/shop-2\\\/leather-accessories\\\/\",\"url\":\"https:\\\/\\\/tarnsjogarveri.com\\\/en\\\/shop-2\\\/leather-accessories\\\/\",\"name\":\"Leather &amp; accessories - T\u00e4rnsj\u00f6 Garveri\",\"isPartOf\":{\"@id\":\"https:\\\/\\\/tarnsjogarveri.com\\\/en\\\/#website\"},\"datePublished\":\"2026-02-27T12:10:47+00:00\",\"dateModified\":\"2026-04-29T12:59:12+00:00\",\"breadcrumb\":{\"@id\":\"https:\\\/\\\/tarnsjogarveri.com\\\/en\\\/shop-2\\\/leather-accessories\\\/#breadcrumb\"},\"inLanguage\":\"en-US\",\"potentialAction\":[{\"@type\":\"ReadAction\",\"target\":[\"https:\\\/\\\/tarnsjogarveri.com\\\/en\\\/shop-2\\\/leather-accessories\\\/\"]}]},{\"@type\":\"BreadcrumbList\",\"@id\":\"https:\\\/\\\/tarnsjogarveri.com\\\/en\\\/shop-2\\\/leather-accessories\\\/#breadcrumb\",\"itemListElement\":[{\"@type\":\"ListItem\",\"position\":1,\"name\":\"Hem\",\"item\":\"https:\\\/\\\/tarnsjogarveri.com\\\/en\\\/home\\\/\"},{\"@type\":\"ListItem\",\"position\":2,\"name\":\"Shop\",\"item\":\"https:\\\/\\\/tarnsjogarveri.com\\\/en\\\/shop-2\\\/\"},{\"@type\":\"ListItem\",\"position\":3,\"name\":\"Leather &amp; accessories\"}]},{\"@type\":\"WebSite\",\"@id\":\"https:\\\/\\\/tarnsjogarveri.com\\\/en\\\/#website\",\"url\":\"https:\\\/\\\/tarnsjogarveri.com\\\/en\\\/\",\"name\":\"www.tarnsjogarveri.se\",\"description\":\"\",\"publisher\":{\"@id\":\"https:\\\/\\\/tarnsjogarveri.com\\\/en\\\/#organization\"},\"potentialAction\":[{\"@type\":\"SearchAction\",\"target\":{\"@type\":\"EntryPoint\",\"urlTemplate\":\"https:\\\/\\\/tarnsjogarveri.com\\\/en\\\/?s={search_term_string}\"},\"query-input\":{\"@type\":\"PropertyValueSpecification\",\"valueRequired\":true,\"valueName\":\"search_term_string\"}}],\"inLanguage\":\"en-US\"},{\"@type\":\"Organization\",\"@id\":\"https:\\\/\\\/tarnsjogarveri.com\\\/en\\\/#organization\",\"name\":\"T\u00e4rnsj\u00f6 Garveri\",\"url\":\"https:\\\/\\\/tarnsjogarveri.com\\\/en\\\/\",\"logo\":{\"@type\":\"ImageObject\",\"inLanguage\":\"en-US\",\"@id\":\"https:\\\/\\\/tarnsjogarveri.com\\\/en\\\/#\\\/schema\\\/logo\\\/image\\\/\",\"url\":\"https:\\\/\\\/tarnsjogarveri.com\\\/wp-content\\\/uploads\\\/2026\\\/02\\\/Tarnsjo-Garveri-340x309-1.png\",\"contentUrl\":\"https:\\\/\\\/tarnsjogarveri.com\\\/wp-content\\\/uploads\\\/2026\\\/02\\\/Tarnsjo-Garveri-340x309-1.png\",\"width\":340,\"height\":309,\"caption\":\"T\u00e4rnsj\u00f6 Garveri\"},\"image\":{\"@id\":\"https:\\\/\\\/tarnsjogarveri.com\\\/en\\\/#\\\/schema\\\/logo\\\/image\\\/\"},\"sameAs\":[\"https:\\\/\\\/www.facebook.com\\\/tarnsjogarveri\"]}]}<\/script>\n<!-- \/ Yoast SEO plugin. -->","yoast_head_json":{"title":"Leather &amp; accessories - T\u00e4rnsj\u00f6 Garveri","robots":{"index":"index","follow":"follow","max-snippet":"max-snippet:-1","max-image-preview":"max-image-preview:large","max-video-preview":"max-video-preview:-1"},"canonical":"https:\/\/tarnsjogarveri.com\/en\/shop-2\/leather-accessories\/","og_locale":"en_US","og_type":"article","og_title":"Leather &amp; accessories - T\u00e4rnsj\u00f6 Garveri","og_url":"https:\/\/tarnsjogarveri.com\/en\/shop-2\/leather-accessories\/","og_site_name":"T\u00e4rnsj\u00f6 Garveri","article_publisher":"https:\/\/www.facebook.com\/tarnsjogarveri","article_modified_time":"2026-04-29T12:59:12+00:00","twitter_card":"summary_large_image","twitter_misc":{"Est. reading time":"11 minutes"},"schema":{"@context":"https:\/\/schema.org","@graph":[{"@type":"WebPage","@id":"https:\/\/tarnsjogarveri.com\/en\/shop-2\/leather-accessories\/","url":"https:\/\/tarnsjogarveri.com\/en\/shop-2\/leather-accessories\/","name":"Leather &amp; accessories - T\u00e4rnsj\u00f6 Garveri","isPartOf":{"@id":"https:\/\/tarnsjogarveri.com\/en\/#website"},"datePublished":"2026-02-27T12:10:47+00:00","dateModified":"2026-04-29T12:59:12+00:00","breadcrumb":{"@id":"https:\/\/tarnsjogarveri.com\/en\/shop-2\/leather-accessories\/#breadcrumb"},"inLanguage":"en-US","potentialAction":[{"@type":"ReadAction","target":["https:\/\/tarnsjogarveri.com\/en\/shop-2\/leather-accessories\/"]}]},{"@type":"BreadcrumbList","@id":"https:\/\/tarnsjogarveri.com\/en\/shop-2\/leather-accessories\/#breadcrumb","itemListElement":[{"@type":"ListItem","position":1,"name":"Hem","item":"https:\/\/tarnsjogarveri.com\/en\/home\/"},{"@type":"ListItem","position":2,"name":"Shop","item":"https:\/\/tarnsjogarveri.com\/en\/shop-2\/"},{"@type":"ListItem","position":3,"name":"Leather &amp; accessories"}]},{"@type":"WebSite","@id":"https:\/\/tarnsjogarveri.com\/en\/#website","url":"https:\/\/tarnsjogarveri.com\/en\/","name":"www.tarnsjogarveri.se","description":"","publisher":{"@id":"https:\/\/tarnsjogarveri.com\/en\/#organization"},"potentialAction":[{"@type":"SearchAction","target":{"@type":"EntryPoint","urlTemplate":"https:\/\/tarnsjogarveri.com\/en\/?s={search_term_string}"},"query-input":{"@type":"PropertyValueSpecification","valueRequired":true,"valueName":"search_term_string"}}],"inLanguage":"en-US"},{"@type":"Organization","@id":"https:\/\/tarnsjogarveri.com\/en\/#organization","name":"T\u00e4rnsj\u00f6 Garveri","url":"https:\/\/tarnsjogarveri.com\/en\/","logo":{"@type":"ImageObject","inLanguage":"en-US","@id":"https:\/\/tarnsjogarveri.com\/en\/#\/schema\/logo\/image\/","url":"https:\/\/tarnsjogarveri.com\/wp-content\/uploads\/2026\/02\/Tarnsjo-Garveri-340x309-1.png","contentUrl":"https:\/\/tarnsjogarveri.com\/wp-content\/uploads\/2026\/02\/Tarnsjo-Garveri-340x309-1.png","width":340,"height":309,"caption":"T\u00e4rnsj\u00f6 Garveri"},"image":{"@id":"https:\/\/tarnsjogarveri.com\/en\/#\/schema\/logo\/image\/"},"sameAs":["https:\/\/www.facebook.com\/tarnsjogarveri"]}]}},"jetpack_sharing_enabled":true,"_links":{"self":[{"href":"https:\/\/tarnsjogarveri.com\/en\/wp-json\/wp\/v2\/pages\/21046","targetHints":{"allow":["GET"]}}],"collection":[{"href":"https:\/\/tarnsjogarveri.com\/en\/wp-json\/wp\/v2\/pages"}],"about":[{"href":"https:\/\/tarnsjogarveri.com\/en\/wp-json\/wp\/v2\/types\/page"}],"author":[{"embeddable":true,"href":"https:\/\/tarnsjogarveri.com\/en\/wp-json\/wp\/v2\/users\/1"}],"replies":[{"embeddable":true,"href":"https:\/\/tarnsjogarveri.com\/en\/wp-json\/wp\/v2\/comments?post=21046"}],"version-history":[{"count":1,"href":"https:\/\/tarnsjogarveri.com\/en\/wp-json\/wp\/v2\/pages\/21046\/revisions"}],"predecessor-version":[{"id":21050,"href":"https:\/\/tarnsjogarveri.com\/en\/wp-json\/wp\/v2\/pages\/21046\/revisions\/21050"}],"up":[{"embeddable":true,"href":"https:\/\/tarnsjogarveri.com\/en\/wp-json\/wp\/v2\/pages\/21060"}],"wp:attachment":[{"href":"https:\/\/tarnsjogarveri.com\/en\/wp-json\/wp\/v2\/media?parent=21046"}],"curies":[{"name":"wp","href":"https:\/\/api.w.org\/{rel}","templated":true}]}}