{"id":21083,"date":"2026-02-26T20:01:51","date_gmt":"2026-02-26T20:01:51","guid":{"rendered":"https:\/\/tarnsjogarveri.com\/leather-wrapping\/"},"modified":"2026-04-29T12:59:49","modified_gmt":"2026-04-29T12:59:49","slug":"leather-wrapping","status":"publish","type":"page","link":"https:\/\/tarnsjogarveri.com\/en\/leather-wrapping\/","title":{"rendered":"Leather Wrapping"},"content":{"rendered":"<div id='av_section_1'  class='avia-section av-77mh-cf5d55aa2c6a7c93ceaf777e4456e130 main_color avia-section-default avia-no-border-styling  avia-builder-el-0  avia-builder-el-no-sibling  avia-bg-style-scroll container_wrap fullsize'  ><div class='container av-section-cont-open' ><main  role=\"main\" itemprop=\"mainContentOfPage\"  class='template-page content  av-content-full alpha units'><div class='post-entry post-entry-type-page post-entry-21083'><div class='entry-content-wrapper clearfix'>\n<div  class='flex_column av-1hvn1-2b2fca8a3f11a5b8d132b253b1120906 av_one_half  avia-builder-el-1  el_before_av_one_half  avia-builder-el-first  first flex_column_div  '     ><section  class='av_textblock_section av-mm3w0ryp-73e3f9715f85ae4efaed7fc9247aa62d '   itemscope=\"itemscope\" itemtype=\"https:\/\/schema.org\/CreativeWork\" ><div class='avia_textblock'  itemprop=\"text\" ><h1>Leather wrapping with vegetable-tanned leather from <a href=\"https:\/\/en.wikipedia.org\/wiki\/T%C3%A4rnsj%C3%B6\" target=\"_blank\" rel=\"noopener\">T\u00e4rnsj\u00f6<\/a> Garveri<\/h1>\n<p>With leather wrapping, you get beautiful stair railings with an exclusive feel. We wrap with environmentally friendly and vegetable-tanned leather from T\u00e4rnsj\u00f6 Garveri. Our tanning process is free from chemicals such as chromium, and is instead based entirely on vegetable tanning agents. Our experienced and skilled saddlers perform leather wrapping with expertise and precision. Leather wrapping is a craft that requires accuracy, patience, and an understanding of leather and its properties \u2013 and that is precisely what our saddlers possess.    <\/p>\n<h2>Beautiful handrails with leather wrapping<\/h2>\n<p>The result of leather wrapping provides a solid, artisanal, elegant, and exclusive feel with a personal and unique touch. It is equally beautiful in an old manor house and equally striking as a contrast in a modern home with harder material choices. Leather-wrapped railings develop a patina over time and become more and more beautiful with the years.  <\/p>\n<h2>Vegetable-tanned leather<\/h2>\n<p>All leather from T\u00e4rnsj\u00f6 Garveri is vegetable-tanned with natural tannins from bark and completely free from chromium and other chemicals. The tanning process is a craft that requires both experience and time. It produces a naturally beautiful leather that is both environmentally friendly and, with proper care, ages beautifully over a long time to come.<\/p>\n<\/div><\/section><\/div><div  class='flex_column av-qal1-0e1adbd14b510df890a5e93c2c3a4e87 av_one_half  avia-builder-el-3  el_after_av_one_half  el_before_av_one_half  flex_column_div  '     ><style type=\"text\/css\" data-created_by=\"avia_inline_auto\" id=\"style-css-av-mm3w31ir-0ccdd7250ef78f644c4d71bf65b05dc7\">\n.avia-image-container.av-mm3w31ir-0ccdd7250ef78f644c4d71bf65b05dc7 img.avia_image{\nbox-shadow:none;\n}\n.avia-image-container.av-mm3w31ir-0ccdd7250ef78f644c4d71bf65b05dc7 .av-image-caption-overlay-center{\ncolor:#ffffff;\n}\n<\/style>\n<div  class='avia-image-container av-mm3w31ir-0ccdd7250ef78f644c4d71bf65b05dc7 av-styling- avia-align-center  avia-builder-el-4  avia-builder-el-no-sibling '   itemprop=\"image\" itemscope=\"itemscope\" itemtype=\"https:\/\/schema.org\/ImageObject\" ><div class=\"avia-image-container-inner\"><div class=\"avia-image-overlay-wrap\"><img decoding=\"async\" fetchpriority=\"high\" class='wp-image-20915 avia-img-lazy-loading-not-20915 avia_image ' src=\"https:\/\/tarnsjogarveri.com\/wp-content\/uploads\/2026\/02\/Laderlindning.webp\" alt='T\u00e4rnsj\u00f6 Garveri Leather Wrapping' title=''  height=\"1080\" width=\"1080\"  itemprop=\"thumbnailUrl\" srcset=\"https:\/\/tarnsjogarveri.com\/wp-content\/uploads\/2026\/02\/Laderlindning.webp 1080w, https:\/\/tarnsjogarveri.com\/wp-content\/uploads\/2026\/02\/Laderlindning-300x300.webp 300w, https:\/\/tarnsjogarveri.com\/wp-content\/uploads\/2026\/02\/Laderlindning-100x100.webp 100w, https:\/\/tarnsjogarveri.com\/wp-content\/uploads\/2026\/02\/Laderlindning-600x600.webp 600w, https:\/\/tarnsjogarveri.com\/wp-content\/uploads\/2026\/02\/Laderlindning-1030x1030.webp 1030w, https:\/\/tarnsjogarveri.com\/wp-content\/uploads\/2026\/02\/Laderlindning-80x80.webp 80w, https:\/\/tarnsjogarveri.com\/wp-content\/uploads\/2026\/02\/Laderlindning-768x768.webp 768w, https:\/\/tarnsjogarveri.com\/wp-content\/uploads\/2026\/02\/Laderlindning-36x36.webp 36w, https:\/\/tarnsjogarveri.com\/wp-content\/uploads\/2026\/02\/Laderlindning-180x180.webp 180w, https:\/\/tarnsjogarveri.com\/wp-content\/uploads\/2026\/02\/Laderlindning-705x705.webp 705w\" sizes=\"(max-width: 1080px) 100vw, 1080px\" \/><\/div><\/div><\/div><\/div><div  class='flex_column av-15ich-85c92ab892636412eb833a9e8678434d av_one_half  avia-builder-el-5  el_after_av_one_half  el_before_av_one_half  first flex_column_div  column-top-margin'     ><style type=\"text\/css\" data-created_by=\"avia_inline_auto\" id=\"style-css-av-mm3x2wph-a4bc3b0371102d3ed048a05a17f7b5ab\">\n.avia-image-container.av-mm3x2wph-a4bc3b0371102d3ed048a05a17f7b5ab img.avia_image{\nbox-shadow:none;\n}\n.avia-image-container.av-mm3x2wph-a4bc3b0371102d3ed048a05a17f7b5ab .av-image-caption-overlay-center{\ncolor:#ffffff;\n}\n<\/style>\n<div  class='avia-image-container av-mm3x2wph-a4bc3b0371102d3ed048a05a17f7b5ab av-styling- avia-align-center  avia-builder-el-6  avia-builder-el-no-sibling '   itemprop=\"image\" itemscope=\"itemscope\" itemtype=\"https:\/\/schema.org\/ImageObject\" ><div class=\"avia-image-container-inner\"><div class=\"avia-image-overlay-wrap\"><img decoding=\"async\" fetchpriority=\"high\" class='wp-image- avia-img-lazy-loading-not- avia_image ' src=\"https:\/\/tarnsjogarveri.com\/wp-content\/uploads\/2026\/02\/TGmov1.mov\" alt='' title=''   itemprop=\"thumbnailUrl\"  \/><\/div><\/div><\/div><\/div><div  class='flex_column av-44qt-9bb22719c3dfcb3f719f1d779279f316 av_one_half  avia-builder-el-7  el_after_av_one_half  el_before_av_one_full  flex_column_div  column-top-margin'     ><section  class='av_textblock_section av-mm3x334o-b33c61f6ac590cf12c8edc65d64a0d07 '   itemscope=\"itemscope\" itemtype=\"https:\/\/schema.org\/CreativeWork\" ><div class='avia_textblock'  itemprop=\"text\" ><h2 style=\"text-align: center;\">Leather wrapping \u2013 a solid craft by experienced <a href=\"https:\/\/tarnsjogarveri.com\/en\/the-saddlery\/\">saddlers<\/a><\/h2>\n<p style=\"text-align: center;\">The craft of leather-wrapping railings is an ancient art that combines precision, patience, a sense of aesthetics, and a deep understanding of leather and its properties. It is a technique that gives a railing both visual beauty and a pleasant feel, making it a focal point in the interior. <\/p>\n<p style=\"text-align: center;\">The process of wrapping a railing with leather begins with selecting the right type of leather. The leather that is excellent for leather wrapping is our plym\u00e5 leather 1.1\u20131.3 mm. The width of the leather straps is adapted to the diameter of the handrail and cut to the correct width, after which the wrapping straps are skived. Skiving the edge of the wrapping strap means thinning the edge of the strap, which allows us to achieve neat joints.   <\/p>\n<p style=\"text-align: center;\">Once the leather is prepared, the wrapping process begins. The leather strap is attached at one end of the railing, and then it is wrapped around the railing at an even pace, so that each turn overlaps the previous one. This requires both patience and skill, as it is important to keep the wrapping even and tight to ensure a good finish and long durability.  <\/p>\n<\/div><\/section><\/div>\n<style type=\"text\/css\" data-created_by=\"avia_inline_auto\" id=\"style-css-av-x979-0772a57283f509d4863863a7cb959de4\">\n.flex_column.av-x979-0772a57283f509d4863863a7cb959de4{\nborder-width:3px;\nborder-color:#342f29;\nborder-style:dashed;\npadding:30px 30px 30px 30px;\n}\n<\/style>\n<div  class='flex_column av-x979-0772a57283f509d4863863a7cb959de4 av_one_full  avia-builder-el-9  el_after_av_one_half  avia-builder-el-last  first flex_column_div  column-top-margin'     ><section  class='av_textblock_section av-mm3wfjxp-a34b705f5e069c96326e68a72a6f7842 '   itemscope=\"itemscope\" itemtype=\"https:\/\/schema.org\/CreativeWork\" ><div class='avia_textblock'  itemprop=\"text\" ><h2 style=\"text-align: center;\">Request a Quote<\/h2>\n<p style=\"text-align: center;\">Fill in the form and we will return with a price proposal (*response required)<\/p>\n<\/div><\/section><br \/>\n<\/p><\/div>\n","protected":false},"excerpt":{"rendered":"","protected":false},"author":1,"featured_media":0,"parent":0,"menu_order":0,"comment_status":"closed","ping_status":"closed","template":"","meta":{"footnotes":""},"class_list":["post-21083","page","type-page","status-publish","hentry"],"yoast_head":"<!-- This site is optimized with the Yoast SEO plugin v27.5 - https:\/\/yoast.com\/product\/yoast-seo-wordpress\/ -->\n<title>Leather Wrapping - T\u00e4rnsj\u00f6 Garveri<\/title>\n<meta name=\"description\" content=\"T\u00e4rnsj\u00f6 Garveri&#039;s leather wrapping \u2013 a traditional craft where leather is hand-wrapped around handles and details. Sustainable, durable, beautiful\" \/>\n<meta name=\"robots\" content=\"index, follow, max-snippet:-1, max-image-preview:large, max-video-preview:-1\" \/>\n<link rel=\"canonical\" href=\"https:\/\/tarnsjogarveri.com\/en\/leather-wrapping\/\" \/>\n<meta property=\"og:locale\" content=\"en_US\" \/>\n<meta property=\"og:type\" content=\"article\" \/>\n<meta property=\"og:title\" content=\"Leather Wrapping - T\u00e4rnsj\u00f6 Garveri\" \/>\n<meta property=\"og:description\" content=\"T\u00e4rnsj\u00f6 Garveri&#039;s leather wrapping \u2013 a traditional craft where leather is hand-wrapped around handles and details. Sustainable, durable, beautiful\" \/>\n<meta property=\"og:url\" content=\"https:\/\/tarnsjogarveri.com\/en\/leather-wrapping\/\" \/>\n<meta property=\"og:site_name\" content=\"T\u00e4rnsj\u00f6 Garveri\" \/>\n<meta property=\"article:publisher\" content=\"https:\/\/www.facebook.com\/tarnsjogarveri\" \/>\n<meta property=\"article:modified_time\" content=\"2026-04-29T12:59:49+00:00\" \/>\n<meta name=\"twitter:card\" content=\"summary_large_image\" \/>\n<meta name=\"twitter:label1\" content=\"Est. reading time\" \/>\n\t<meta name=\"twitter:data1\" content=\"22 minutes\" \/>\n<script type=\"application\/ld+json\" class=\"yoast-schema-graph\">{\"@context\":\"https:\\\/\\\/schema.org\",\"@graph\":[{\"@type\":\"WebPage\",\"@id\":\"https:\\\/\\\/tarnsjogarveri.com\\\/en\\\/leather-wrapping\\\/\",\"url\":\"https:\\\/\\\/tarnsjogarveri.com\\\/en\\\/leather-wrapping\\\/\",\"name\":\"Leather Wrapping - T\u00e4rnsj\u00f6 Garveri\",\"isPartOf\":{\"@id\":\"https:\\\/\\\/tarnsjogarveri.com\\\/en\\\/#website\"},\"datePublished\":\"2026-02-26T20:01:51+00:00\",\"dateModified\":\"2026-04-29T12:59:49+00:00\",\"description\":\"T\u00e4rnsj\u00f6 Garveri's leather wrapping \u2013 a traditional craft where leather is hand-wrapped around handles and details. Sustainable, durable, beautiful\",\"breadcrumb\":{\"@id\":\"https:\\\/\\\/tarnsjogarveri.com\\\/en\\\/leather-wrapping\\\/#breadcrumb\"},\"inLanguage\":\"en-US\",\"potentialAction\":[{\"@type\":\"ReadAction\",\"target\":[\"https:\\\/\\\/tarnsjogarveri.com\\\/en\\\/leather-wrapping\\\/\"]}]},{\"@type\":\"BreadcrumbList\",\"@id\":\"https:\\\/\\\/tarnsjogarveri.com\\\/en\\\/leather-wrapping\\\/#breadcrumb\",\"itemListElement\":[{\"@type\":\"ListItem\",\"position\":1,\"name\":\"Hem\",\"item\":\"https:\\\/\\\/tarnsjogarveri.com\\\/en\\\/home\\\/\"},{\"@type\":\"ListItem\",\"position\":2,\"name\":\"Leather Wrapping\"}]},{\"@type\":\"WebSite\",\"@id\":\"https:\\\/\\\/tarnsjogarveri.com\\\/en\\\/#website\",\"url\":\"https:\\\/\\\/tarnsjogarveri.com\\\/en\\\/\",\"name\":\"www.tarnsjogarveri.se\",\"description\":\"\",\"publisher\":{\"@id\":\"https:\\\/\\\/tarnsjogarveri.com\\\/en\\\/#organization\"},\"potentialAction\":[{\"@type\":\"SearchAction\",\"target\":{\"@type\":\"EntryPoint\",\"urlTemplate\":\"https:\\\/\\\/tarnsjogarveri.com\\\/en\\\/?s={search_term_string}\"},\"query-input\":{\"@type\":\"PropertyValueSpecification\",\"valueRequired\":true,\"valueName\":\"search_term_string\"}}],\"inLanguage\":\"en-US\"},{\"@type\":\"Organization\",\"@id\":\"https:\\\/\\\/tarnsjogarveri.com\\\/en\\\/#organization\",\"name\":\"T\u00e4rnsj\u00f6 Garveri\",\"url\":\"https:\\\/\\\/tarnsjogarveri.com\\\/en\\\/\",\"logo\":{\"@type\":\"ImageObject\",\"inLanguage\":\"en-US\",\"@id\":\"https:\\\/\\\/tarnsjogarveri.com\\\/en\\\/#\\\/schema\\\/logo\\\/image\\\/\",\"url\":\"https:\\\/\\\/tarnsjogarveri.com\\\/wp-content\\\/uploads\\\/2026\\\/02\\\/Tarnsjo-Garveri-340x309-1.png\",\"contentUrl\":\"https:\\\/\\\/tarnsjogarveri.com\\\/wp-content\\\/uploads\\\/2026\\\/02\\\/Tarnsjo-Garveri-340x309-1.png\",\"width\":340,\"height\":309,\"caption\":\"T\u00e4rnsj\u00f6 Garveri\"},\"image\":{\"@id\":\"https:\\\/\\\/tarnsjogarveri.com\\\/en\\\/#\\\/schema\\\/logo\\\/image\\\/\"},\"sameAs\":[\"https:\\\/\\\/www.facebook.com\\\/tarnsjogarveri\"]}]}<\/script>\n<!-- \/ Yoast SEO plugin. -->","yoast_head_json":{"title":"Leather Wrapping - T\u00e4rnsj\u00f6 Garveri","description":"T\u00e4rnsj\u00f6 Garveri's leather wrapping \u2013 a traditional craft where leather is hand-wrapped around handles and details. Sustainable, durable, beautiful","robots":{"index":"index","follow":"follow","max-snippet":"max-snippet:-1","max-image-preview":"max-image-preview:large","max-video-preview":"max-video-preview:-1"},"canonical":"https:\/\/tarnsjogarveri.com\/en\/leather-wrapping\/","og_locale":"en_US","og_type":"article","og_title":"Leather Wrapping - T\u00e4rnsj\u00f6 Garveri","og_description":"T\u00e4rnsj\u00f6 Garveri's leather wrapping \u2013 a traditional craft where leather is hand-wrapped around handles and details. Sustainable, durable, beautiful","og_url":"https:\/\/tarnsjogarveri.com\/en\/leather-wrapping\/","og_site_name":"T\u00e4rnsj\u00f6 Garveri","article_publisher":"https:\/\/www.facebook.com\/tarnsjogarveri","article_modified_time":"2026-04-29T12:59:49+00:00","twitter_card":"summary_large_image","twitter_misc":{"Est. reading time":"22 minutes"},"schema":{"@context":"https:\/\/schema.org","@graph":[{"@type":"WebPage","@id":"https:\/\/tarnsjogarveri.com\/en\/leather-wrapping\/","url":"https:\/\/tarnsjogarveri.com\/en\/leather-wrapping\/","name":"Leather Wrapping - T\u00e4rnsj\u00f6 Garveri","isPartOf":{"@id":"https:\/\/tarnsjogarveri.com\/en\/#website"},"datePublished":"2026-02-26T20:01:51+00:00","dateModified":"2026-04-29T12:59:49+00:00","description":"T\u00e4rnsj\u00f6 Garveri's leather wrapping \u2013 a traditional craft where leather is hand-wrapped around handles and details. Sustainable, durable, beautiful","breadcrumb":{"@id":"https:\/\/tarnsjogarveri.com\/en\/leather-wrapping\/#breadcrumb"},"inLanguage":"en-US","potentialAction":[{"@type":"ReadAction","target":["https:\/\/tarnsjogarveri.com\/en\/leather-wrapping\/"]}]},{"@type":"BreadcrumbList","@id":"https:\/\/tarnsjogarveri.com\/en\/leather-wrapping\/#breadcrumb","itemListElement":[{"@type":"ListItem","position":1,"name":"Hem","item":"https:\/\/tarnsjogarveri.com\/en\/home\/"},{"@type":"ListItem","position":2,"name":"Leather Wrapping"}]},{"@type":"WebSite","@id":"https:\/\/tarnsjogarveri.com\/en\/#website","url":"https:\/\/tarnsjogarveri.com\/en\/","name":"www.tarnsjogarveri.se","description":"","publisher":{"@id":"https:\/\/tarnsjogarveri.com\/en\/#organization"},"potentialAction":[{"@type":"SearchAction","target":{"@type":"EntryPoint","urlTemplate":"https:\/\/tarnsjogarveri.com\/en\/?s={search_term_string}"},"query-input":{"@type":"PropertyValueSpecification","valueRequired":true,"valueName":"search_term_string"}}],"inLanguage":"en-US"},{"@type":"Organization","@id":"https:\/\/tarnsjogarveri.com\/en\/#organization","name":"T\u00e4rnsj\u00f6 Garveri","url":"https:\/\/tarnsjogarveri.com\/en\/","logo":{"@type":"ImageObject","inLanguage":"en-US","@id":"https:\/\/tarnsjogarveri.com\/en\/#\/schema\/logo\/image\/","url":"https:\/\/tarnsjogarveri.com\/wp-content\/uploads\/2026\/02\/Tarnsjo-Garveri-340x309-1.png","contentUrl":"https:\/\/tarnsjogarveri.com\/wp-content\/uploads\/2026\/02\/Tarnsjo-Garveri-340x309-1.png","width":340,"height":309,"caption":"T\u00e4rnsj\u00f6 Garveri"},"image":{"@id":"https:\/\/tarnsjogarveri.com\/en\/#\/schema\/logo\/image\/"},"sameAs":["https:\/\/www.facebook.com\/tarnsjogarveri"]}]}},"jetpack_sharing_enabled":true,"_links":{"self":[{"href":"https:\/\/tarnsjogarveri.com\/en\/wp-json\/wp\/v2\/pages\/21083","targetHints":{"allow":["GET"]}}],"collection":[{"href":"https:\/\/tarnsjogarveri.com\/en\/wp-json\/wp\/v2\/pages"}],"about":[{"href":"https:\/\/tarnsjogarveri.com\/en\/wp-json\/wp\/v2\/types\/page"}],"author":[{"embeddable":true,"href":"https:\/\/tarnsjogarveri.com\/en\/wp-json\/wp\/v2\/users\/1"}],"replies":[{"embeddable":true,"href":"https:\/\/tarnsjogarveri.com\/en\/wp-json\/wp\/v2\/comments?post=21083"}],"version-history":[{"count":3,"href":"https:\/\/tarnsjogarveri.com\/en\/wp-json\/wp\/v2\/pages\/21083\/revisions"}],"predecessor-version":[{"id":21087,"href":"https:\/\/tarnsjogarveri.com\/en\/wp-json\/wp\/v2\/pages\/21083\/revisions\/21087"}],"wp:attachment":[{"href":"https:\/\/tarnsjogarveri.com\/en\/wp-json\/wp\/v2\/media?parent=21083"}],"curies":[{"name":"wp","href":"https:\/\/api.w.org\/{rel}","templated":true}]}}