{"id":21113,"date":"2024-04-17T13:59:23","date_gmt":"2024-04-17T13:59:23","guid":{"rendered":"https:\/\/tarnsjogarveri.com\/produkt\/broom\/"},"modified":"2024-04-17T13:59:23","modified_gmt":"2024-04-17T13:59:23","slug":"broom","status":"publish","type":"product","link":"https:\/\/tarnsjogarveri.com\/en\/produkt\/broom\/","title":{"rendered":"Broom"},"content":{"rendered":"<p>With its stylish design and high quality, this beautiful broom fits perfectly by the house entrance, ready for use at any time. Each broom is a unique creation that develops a beautiful patina over time. <\/p>\n<p>Crafted from vegetable-tanned leather from Swedish hides, this broom is both exclusive and environmentally friendly, free from hazardous chemicals.<\/p>\n<p>Whether for yourself or as a gift for someone special, our broom will be a valuable and appreciated addition to any home.<\/p>\n<p>Dimensions: 150 cm long<br \/>\nBinding approx. 80 cm<br \/>\nBrush: 30 x 7 cm<\/p>\n<p>&nbsp;<\/p>\n","protected":false},"excerpt":{"rendered":"<p>Our stylish and unique broom, carefully bound by our experienced saddlers in T\u00e4rnsj\u00f6.<\/p>\n<p>This broom is functional and elegant at the same time.<\/p>\n","protected":false},"featured_media":18204,"template":"","meta":[],"product_brand":[],"product_cat":[276],"product_tag":[278,277,279],"class_list":{"0":"post-21113","1":"product","2":"type-product","3":"status-publish","4":"has-post-thumbnail","6":"product_cat-interiors","7":"product_tag-broom","8":"product_tag-gifts","9":"product_tag-wedding","11":"first","12":"instock","13":"taxable","14":"shipping-taxable","15":"purchasable","16":"product-type-variable"},"yoast_head":"<!-- This site is optimized with the Yoast SEO plugin v27.5 - https:\/\/yoast.com\/product\/yoast-seo-wordpress\/ -->\n<title>Broom - T\u00e4rnsj\u00f6 Garveri<\/title>\n<meta name=\"robots\" content=\"index, follow, max-snippet:-1, max-image-preview:large, max-video-preview:-1\" \/>\n<link rel=\"canonical\" href=\"https:\/\/tarnsjogarveri.com\/en\/produkt\/broom\/\" \/>\n<meta property=\"og:locale\" content=\"en_US\" \/>\n<meta property=\"og:type\" content=\"article\" \/>\n<meta property=\"og:title\" content=\"Broom - T\u00e4rnsj\u00f6 Garveri\" \/>\n<meta property=\"og:description\" content=\"Our stylish and unique broom, carefully bound by our experienced saddlers in T\u00e4rnsj\u00f6. This broom is functional and elegant at the same time.\" \/>\n<meta property=\"og:url\" content=\"https:\/\/tarnsjogarveri.com\/en\/produkt\/broom\/\" \/>\n<meta property=\"og:site_name\" content=\"T\u00e4rnsj\u00f6 Garveri\" \/>\n<meta property=\"article:publisher\" content=\"https:\/\/www.facebook.com\/tarnsjogarveri\" \/>\n<meta property=\"og:image\" content=\"https:\/\/tarnsjogarveri.com\/wp-content\/uploads\/2026\/02\/Tarnsjo-kvast.jpg\" \/>\n\t<meta property=\"og:image:width\" content=\"1707\" \/>\n\t<meta property=\"og:image:height\" content=\"2560\" \/>\n\t<meta property=\"og:image:type\" content=\"image\/jpeg\" \/>\n<meta name=\"twitter:card\" content=\"summary_large_image\" \/>\n<script type=\"application\/ld+json\" class=\"yoast-schema-graph\">{\"@context\":\"https:\\\/\\\/schema.org\",\"@graph\":[{\"@type\":\"WebPage\",\"@id\":\"https:\\\/\\\/tarnsjogarveri.com\\\/en\\\/produkt\\\/broom\\\/\",\"url\":\"https:\\\/\\\/tarnsjogarveri.com\\\/en\\\/produkt\\\/broom\\\/\",\"name\":\"Broom - T\u00e4rnsj\u00f6 Garveri\",\"isPartOf\":{\"@id\":\"https:\\\/\\\/tarnsjogarveri.com\\\/en\\\/#website\"},\"primaryImageOfPage\":{\"@id\":\"https:\\\/\\\/tarnsjogarveri.com\\\/en\\\/produkt\\\/broom\\\/#primaryimage\"},\"image\":{\"@id\":\"https:\\\/\\\/tarnsjogarveri.com\\\/en\\\/produkt\\\/broom\\\/#primaryimage\"},\"thumbnailUrl\":\"https:\\\/\\\/tarnsjogarveri.com\\\/wp-content\\\/uploads\\\/2026\\\/02\\\/Tarnsjo-kvast.jpg\",\"datePublished\":\"2024-04-17T13:59:23+00:00\",\"breadcrumb\":{\"@id\":\"https:\\\/\\\/tarnsjogarveri.com\\\/en\\\/produkt\\\/broom\\\/#breadcrumb\"},\"inLanguage\":\"en-US\",\"potentialAction\":[{\"@type\":\"ReadAction\",\"target\":[\"https:\\\/\\\/tarnsjogarveri.com\\\/en\\\/produkt\\\/broom\\\/\"]}]},{\"@type\":\"ImageObject\",\"inLanguage\":\"en-US\",\"@id\":\"https:\\\/\\\/tarnsjogarveri.com\\\/en\\\/produkt\\\/broom\\\/#primaryimage\",\"url\":\"https:\\\/\\\/tarnsjogarveri.com\\\/wp-content\\\/uploads\\\/2026\\\/02\\\/Tarnsjo-kvast.jpg\",\"contentUrl\":\"https:\\\/\\\/tarnsjogarveri.com\\\/wp-content\\\/uploads\\\/2026\\\/02\\\/Tarnsjo-kvast.jpg\",\"width\":1707,\"height\":2560},{\"@type\":\"BreadcrumbList\",\"@id\":\"https:\\\/\\\/tarnsjogarveri.com\\\/en\\\/produkt\\\/broom\\\/#breadcrumb\",\"itemListElement\":[{\"@type\":\"ListItem\",\"position\":1,\"name\":\"Hem\",\"item\":\"https:\\\/\\\/tarnsjogarveri.com\\\/en\\\/home\\\/\"},{\"@type\":\"ListItem\",\"position\":2,\"name\":\"Shop\",\"item\":\"https:\\\/\\\/tarnsjogarveri.com\\\/en\\\/shop\\\/\"},{\"@type\":\"ListItem\",\"position\":3,\"name\":\"Broom\"}]},{\"@type\":\"WebSite\",\"@id\":\"https:\\\/\\\/tarnsjogarveri.com\\\/en\\\/#website\",\"url\":\"https:\\\/\\\/tarnsjogarveri.com\\\/en\\\/\",\"name\":\"www.tarnsjogarveri.se\",\"description\":\"\",\"publisher\":{\"@id\":\"https:\\\/\\\/tarnsjogarveri.com\\\/en\\\/#organization\"},\"potentialAction\":[{\"@type\":\"SearchAction\",\"target\":{\"@type\":\"EntryPoint\",\"urlTemplate\":\"https:\\\/\\\/tarnsjogarveri.com\\\/en\\\/?s={search_term_string}\"},\"query-input\":{\"@type\":\"PropertyValueSpecification\",\"valueRequired\":true,\"valueName\":\"search_term_string\"}}],\"inLanguage\":\"en-US\"},{\"@type\":\"Organization\",\"@id\":\"https:\\\/\\\/tarnsjogarveri.com\\\/en\\\/#organization\",\"name\":\"T\u00e4rnsj\u00f6 Garveri\",\"url\":\"https:\\\/\\\/tarnsjogarveri.com\\\/en\\\/\",\"logo\":{\"@type\":\"ImageObject\",\"inLanguage\":\"en-US\",\"@id\":\"https:\\\/\\\/tarnsjogarveri.com\\\/en\\\/#\\\/schema\\\/logo\\\/image\\\/\",\"url\":\"https:\\\/\\\/tarnsjogarveri.com\\\/wp-content\\\/uploads\\\/2026\\\/02\\\/Tarnsjo-Garveri-340x309-1.png\",\"contentUrl\":\"https:\\\/\\\/tarnsjogarveri.com\\\/wp-content\\\/uploads\\\/2026\\\/02\\\/Tarnsjo-Garveri-340x309-1.png\",\"width\":340,\"height\":309,\"caption\":\"T\u00e4rnsj\u00f6 Garveri\"},\"image\":{\"@id\":\"https:\\\/\\\/tarnsjogarveri.com\\\/en\\\/#\\\/schema\\\/logo\\\/image\\\/\"},\"sameAs\":[\"https:\\\/\\\/www.facebook.com\\\/tarnsjogarveri\"]}]}<\/script>\n<!-- \/ Yoast SEO plugin. -->","yoast_head_json":{"title":"Broom - T\u00e4rnsj\u00f6 Garveri","robots":{"index":"index","follow":"follow","max-snippet":"max-snippet:-1","max-image-preview":"max-image-preview:large","max-video-preview":"max-video-preview:-1"},"canonical":"https:\/\/tarnsjogarveri.com\/en\/produkt\/broom\/","og_locale":"en_US","og_type":"article","og_title":"Broom - T\u00e4rnsj\u00f6 Garveri","og_description":"Our stylish and unique broom, carefully bound by our experienced saddlers in T\u00e4rnsj\u00f6. This broom is functional and elegant at the same time.","og_url":"https:\/\/tarnsjogarveri.com\/en\/produkt\/broom\/","og_site_name":"T\u00e4rnsj\u00f6 Garveri","article_publisher":"https:\/\/www.facebook.com\/tarnsjogarveri","og_image":[{"width":1707,"height":2560,"url":"https:\/\/tarnsjogarveri.com\/wp-content\/uploads\/2026\/02\/Tarnsjo-kvast.jpg","type":"image\/jpeg"}],"twitter_card":"summary_large_image","schema":{"@context":"https:\/\/schema.org","@graph":[{"@type":"WebPage","@id":"https:\/\/tarnsjogarveri.com\/en\/produkt\/broom\/","url":"https:\/\/tarnsjogarveri.com\/en\/produkt\/broom\/","name":"Broom - T\u00e4rnsj\u00f6 Garveri","isPartOf":{"@id":"https:\/\/tarnsjogarveri.com\/en\/#website"},"primaryImageOfPage":{"@id":"https:\/\/tarnsjogarveri.com\/en\/produkt\/broom\/#primaryimage"},"image":{"@id":"https:\/\/tarnsjogarveri.com\/en\/produkt\/broom\/#primaryimage"},"thumbnailUrl":"https:\/\/tarnsjogarveri.com\/wp-content\/uploads\/2026\/02\/Tarnsjo-kvast.jpg","datePublished":"2024-04-17T13:59:23+00:00","breadcrumb":{"@id":"https:\/\/tarnsjogarveri.com\/en\/produkt\/broom\/#breadcrumb"},"inLanguage":"en-US","potentialAction":[{"@type":"ReadAction","target":["https:\/\/tarnsjogarveri.com\/en\/produkt\/broom\/"]}]},{"@type":"ImageObject","inLanguage":"en-US","@id":"https:\/\/tarnsjogarveri.com\/en\/produkt\/broom\/#primaryimage","url":"https:\/\/tarnsjogarveri.com\/wp-content\/uploads\/2026\/02\/Tarnsjo-kvast.jpg","contentUrl":"https:\/\/tarnsjogarveri.com\/wp-content\/uploads\/2026\/02\/Tarnsjo-kvast.jpg","width":1707,"height":2560},{"@type":"BreadcrumbList","@id":"https:\/\/tarnsjogarveri.com\/en\/produkt\/broom\/#breadcrumb","itemListElement":[{"@type":"ListItem","position":1,"name":"Hem","item":"https:\/\/tarnsjogarveri.com\/en\/home\/"},{"@type":"ListItem","position":2,"name":"Shop","item":"https:\/\/tarnsjogarveri.com\/en\/shop\/"},{"@type":"ListItem","position":3,"name":"Broom"}]},{"@type":"WebSite","@id":"https:\/\/tarnsjogarveri.com\/en\/#website","url":"https:\/\/tarnsjogarveri.com\/en\/","name":"www.tarnsjogarveri.se","description":"","publisher":{"@id":"https:\/\/tarnsjogarveri.com\/en\/#organization"},"potentialAction":[{"@type":"SearchAction","target":{"@type":"EntryPoint","urlTemplate":"https:\/\/tarnsjogarveri.com\/en\/?s={search_term_string}"},"query-input":{"@type":"PropertyValueSpecification","valueRequired":true,"valueName":"search_term_string"}}],"inLanguage":"en-US"},{"@type":"Organization","@id":"https:\/\/tarnsjogarveri.com\/en\/#organization","name":"T\u00e4rnsj\u00f6 Garveri","url":"https:\/\/tarnsjogarveri.com\/en\/","logo":{"@type":"ImageObject","inLanguage":"en-US","@id":"https:\/\/tarnsjogarveri.com\/en\/#\/schema\/logo\/image\/","url":"https:\/\/tarnsjogarveri.com\/wp-content\/uploads\/2026\/02\/Tarnsjo-Garveri-340x309-1.png","contentUrl":"https:\/\/tarnsjogarveri.com\/wp-content\/uploads\/2026\/02\/Tarnsjo-Garveri-340x309-1.png","width":340,"height":309,"caption":"T\u00e4rnsj\u00f6 Garveri"},"image":{"@id":"https:\/\/tarnsjogarveri.com\/en\/#\/schema\/logo\/image\/"},"sameAs":["https:\/\/www.facebook.com\/tarnsjogarveri"]}]}},"jetpack_sharing_enabled":true,"_links":{"self":[{"href":"https:\/\/tarnsjogarveri.com\/en\/wp-json\/wp\/v2\/product\/21113","targetHints":{"allow":["GET"]}}],"collection":[{"href":"https:\/\/tarnsjogarveri.com\/en\/wp-json\/wp\/v2\/product"}],"about":[{"href":"https:\/\/tarnsjogarveri.com\/en\/wp-json\/wp\/v2\/types\/product"}],"wp:featuredmedia":[{"embeddable":true,"href":"https:\/\/tarnsjogarveri.com\/en\/wp-json\/wp\/v2\/media\/18204"}],"wp:attachment":[{"href":"https:\/\/tarnsjogarveri.com\/en\/wp-json\/wp\/v2\/media?parent=21113"}],"wp:term":[{"taxonomy":"product_brand","embeddable":true,"href":"https:\/\/tarnsjogarveri.com\/en\/wp-json\/wp\/v2\/product_brand?post=21113"},{"taxonomy":"product_cat","embeddable":true,"href":"https:\/\/tarnsjogarveri.com\/en\/wp-json\/wp\/v2\/product_cat?post=21113"},{"taxonomy":"product_tag","embeddable":true,"href":"https:\/\/tarnsjogarveri.com\/en\/wp-json\/wp\/v2\/product_tag?post=21113"}],"curies":[{"name":"wp","href":"https:\/\/api.w.org\/{rel}","templated":true}]}}