{"id":21118,"date":"2025-01-23T14:07:37","date_gmt":"2025-01-23T14:07:37","guid":{"rendered":"https:\/\/tarnsjogarveri.com\/produkt\/a-e-ring-arch-new-model\/"},"modified":"2025-01-23T14:07:37","modified_gmt":"2025-01-23T14:07:37","slug":"a-e-ring-arch-new-model","status":"publish","type":"product","link":"https:\/\/tarnsjogarveri.com\/en\/produkt\/a-e-ring-arch-new-model\/","title":{"rendered":"A.E. Ring Arch &#8211; New Model"},"content":{"rendered":"<p>An updated model for improved communication with your horse.<\/p>\n<p>Harness saddle arch with rings, compatible with the A.E. harness saddle.<\/p>\n<p><span data-olk-copy-source=\"MessageBody\">The design of this arch allows for a higher rein position on horses that are too low\/front-heavy. The design is primarily intended to keep the rein clear of the neck on large horses with wider necks. Pressure on the neck from the rein can easily cause the horse to evade contact, regardless of the signals being given.  <\/span><\/p>\n<p>The arch provides ample wither clearance.<\/p>\n<p>Easy assembly.<\/p>\n<h3>Tips<\/h3>\n<p><a href=\"https:\/\/tarnsjogarveri.com\/en\/long-reining\/\" target=\"_blank\" rel=\"noopener\">Would you like to see how the harness saddle is used?  <strong>Watch our instructional videos here<\/strong><\/a><\/p>\n<p>Learn more about equipment and product fitting<strong> <a href=\"https:\/\/www.anders-eriksson.se\/utrustning\">here<\/a><\/strong><\/p>\n","protected":false},"excerpt":{"rendered":"<p><strong>T\u00e4rnsj\u00f6 Garveri x Anders Eriksson<\/strong><br \/>\nAccessories for the A.E. Long Reining Harness Saddle.<\/p>\n","protected":false},"featured_media":18220,"template":"","meta":[],"product_brand":[],"product_cat":[280,281],"product_tag":[282,283,286,288,285,287,284],"class_list":{"0":"post-21118","1":"product","2":"type-product","3":"status-publish","4":"has-post-thumbnail","6":"product_cat-equestrian-products","7":"product_cat-long-reining","8":"product_tag-a-e","9":"product_tag-anders-eriksson","10":"product_tag-harness-saddle","11":"product_tag-long-reining-harness-saddle","12":"product_tag-long-reining","13":"product_tag-tarnsjo-garveri","14":"product_tag-tarnsjo-garveri-x-anders-eriksson","16":"first","17":"instock","18":"taxable","19":"shipping-taxable","20":"purchasable","21":"product-type-simple"},"yoast_head":"<!-- This site is optimized with the Yoast SEO plugin v27.5 - https:\/\/yoast.com\/product\/yoast-seo-wordpress\/ -->\n<title>A.E. Ring Arch - New Model - T\u00e4rnsj\u00f6 Garveri<\/title>\n<meta name=\"robots\" content=\"index, follow, max-snippet:-1, max-image-preview:large, max-video-preview:-1\" \/>\n<link rel=\"canonical\" href=\"https:\/\/tarnsjogarveri.com\/en\/produkt\/a-e-ring-arch-new-model\/\" \/>\n<meta property=\"og:locale\" content=\"en_US\" \/>\n<meta property=\"og:type\" content=\"article\" \/>\n<meta property=\"og:title\" content=\"A.E. Ring Arch - New Model - T\u00e4rnsj\u00f6 Garveri\" \/>\n<meta property=\"og:description\" content=\"T\u00e4rnsj\u00f6 Garveri x Anders Eriksson Accessories for the A.E. Long Reining Harness Saddle.\" \/>\n<meta property=\"og:url\" content=\"https:\/\/tarnsjogarveri.com\/en\/produkt\/a-e-ring-arch-new-model\/\" \/>\n<meta property=\"og:site_name\" content=\"T\u00e4rnsj\u00f6 Garveri\" \/>\n<meta property=\"article:publisher\" content=\"https:\/\/www.facebook.com\/tarnsjogarveri\" \/>\n<meta property=\"og:image\" content=\"https:\/\/tarnsjogarveri.com\/wp-content\/uploads\/2026\/02\/14-1450RB-scaled-1.jpg\" \/>\n\t<meta property=\"og:image:width\" content=\"1710\" \/>\n\t<meta property=\"og:image:height\" content=\"2560\" \/>\n\t<meta property=\"og:image:type\" content=\"image\/jpeg\" \/>\n<meta name=\"twitter:card\" content=\"summary_large_image\" \/>\n<meta name=\"twitter:label1\" content=\"Est. reading time\" \/>\n\t<meta name=\"twitter:data1\" content=\"1 minute\" \/>\n<script type=\"application\/ld+json\" class=\"yoast-schema-graph\">{\"@context\":\"https:\\\/\\\/schema.org\",\"@graph\":[{\"@type\":\"WebPage\",\"@id\":\"https:\\\/\\\/tarnsjogarveri.com\\\/en\\\/produkt\\\/a-e-ring-arch-new-model\\\/\",\"url\":\"https:\\\/\\\/tarnsjogarveri.com\\\/en\\\/produkt\\\/a-e-ring-arch-new-model\\\/\",\"name\":\"A.E. Ring Arch - New Model - T\u00e4rnsj\u00f6 Garveri\",\"isPartOf\":{\"@id\":\"https:\\\/\\\/tarnsjogarveri.com\\\/en\\\/#website\"},\"primaryImageOfPage\":{\"@id\":\"https:\\\/\\\/tarnsjogarveri.com\\\/en\\\/produkt\\\/a-e-ring-arch-new-model\\\/#primaryimage\"},\"image\":{\"@id\":\"https:\\\/\\\/tarnsjogarveri.com\\\/en\\\/produkt\\\/a-e-ring-arch-new-model\\\/#primaryimage\"},\"thumbnailUrl\":\"https:\\\/\\\/tarnsjogarveri.com\\\/wp-content\\\/uploads\\\/2026\\\/02\\\/14-1450RB-scaled-1.jpg\",\"datePublished\":\"2025-01-23T14:07:37+00:00\",\"breadcrumb\":{\"@id\":\"https:\\\/\\\/tarnsjogarveri.com\\\/en\\\/produkt\\\/a-e-ring-arch-new-model\\\/#breadcrumb\"},\"inLanguage\":\"en-US\",\"potentialAction\":[{\"@type\":\"ReadAction\",\"target\":[\"https:\\\/\\\/tarnsjogarveri.com\\\/en\\\/produkt\\\/a-e-ring-arch-new-model\\\/\"]}]},{\"@type\":\"ImageObject\",\"inLanguage\":\"en-US\",\"@id\":\"https:\\\/\\\/tarnsjogarveri.com\\\/en\\\/produkt\\\/a-e-ring-arch-new-model\\\/#primaryimage\",\"url\":\"https:\\\/\\\/tarnsjogarveri.com\\\/wp-content\\\/uploads\\\/2026\\\/02\\\/14-1450RB-scaled-1.jpg\",\"contentUrl\":\"https:\\\/\\\/tarnsjogarveri.com\\\/wp-content\\\/uploads\\\/2026\\\/02\\\/14-1450RB-scaled-1.jpg\",\"width\":1710,\"height\":2560},{\"@type\":\"BreadcrumbList\",\"@id\":\"https:\\\/\\\/tarnsjogarveri.com\\\/en\\\/produkt\\\/a-e-ring-arch-new-model\\\/#breadcrumb\",\"itemListElement\":[{\"@type\":\"ListItem\",\"position\":1,\"name\":\"Hem\",\"item\":\"https:\\\/\\\/tarnsjogarveri.com\\\/en\\\/home\\\/\"},{\"@type\":\"ListItem\",\"position\":2,\"name\":\"Shop\",\"item\":\"https:\\\/\\\/tarnsjogarveri.com\\\/en\\\/shop\\\/\"},{\"@type\":\"ListItem\",\"position\":3,\"name\":\"A.E. Ring Arch &#8211; New Model\"}]},{\"@type\":\"WebSite\",\"@id\":\"https:\\\/\\\/tarnsjogarveri.com\\\/en\\\/#website\",\"url\":\"https:\\\/\\\/tarnsjogarveri.com\\\/en\\\/\",\"name\":\"www.tarnsjogarveri.se\",\"description\":\"\",\"publisher\":{\"@id\":\"https:\\\/\\\/tarnsjogarveri.com\\\/en\\\/#organization\"},\"potentialAction\":[{\"@type\":\"SearchAction\",\"target\":{\"@type\":\"EntryPoint\",\"urlTemplate\":\"https:\\\/\\\/tarnsjogarveri.com\\\/en\\\/?s={search_term_string}\"},\"query-input\":{\"@type\":\"PropertyValueSpecification\",\"valueRequired\":true,\"valueName\":\"search_term_string\"}}],\"inLanguage\":\"en-US\"},{\"@type\":\"Organization\",\"@id\":\"https:\\\/\\\/tarnsjogarveri.com\\\/en\\\/#organization\",\"name\":\"T\u00e4rnsj\u00f6 Garveri\",\"url\":\"https:\\\/\\\/tarnsjogarveri.com\\\/en\\\/\",\"logo\":{\"@type\":\"ImageObject\",\"inLanguage\":\"en-US\",\"@id\":\"https:\\\/\\\/tarnsjogarveri.com\\\/en\\\/#\\\/schema\\\/logo\\\/image\\\/\",\"url\":\"https:\\\/\\\/tarnsjogarveri.com\\\/wp-content\\\/uploads\\\/2026\\\/02\\\/Tarnsjo-Garveri-340x309-1.png\",\"contentUrl\":\"https:\\\/\\\/tarnsjogarveri.com\\\/wp-content\\\/uploads\\\/2026\\\/02\\\/Tarnsjo-Garveri-340x309-1.png\",\"width\":340,\"height\":309,\"caption\":\"T\u00e4rnsj\u00f6 Garveri\"},\"image\":{\"@id\":\"https:\\\/\\\/tarnsjogarveri.com\\\/en\\\/#\\\/schema\\\/logo\\\/image\\\/\"},\"sameAs\":[\"https:\\\/\\\/www.facebook.com\\\/tarnsjogarveri\"]}]}<\/script>\n<!-- \/ Yoast SEO plugin. -->","yoast_head_json":{"title":"A.E. Ring Arch - New Model - T\u00e4rnsj\u00f6 Garveri","robots":{"index":"index","follow":"follow","max-snippet":"max-snippet:-1","max-image-preview":"max-image-preview:large","max-video-preview":"max-video-preview:-1"},"canonical":"https:\/\/tarnsjogarveri.com\/en\/produkt\/a-e-ring-arch-new-model\/","og_locale":"en_US","og_type":"article","og_title":"A.E. Ring Arch - New Model - T\u00e4rnsj\u00f6 Garveri","og_description":"T\u00e4rnsj\u00f6 Garveri x Anders Eriksson Accessories for the A.E. Long Reining Harness Saddle.","og_url":"https:\/\/tarnsjogarveri.com\/en\/produkt\/a-e-ring-arch-new-model\/","og_site_name":"T\u00e4rnsj\u00f6 Garveri","article_publisher":"https:\/\/www.facebook.com\/tarnsjogarveri","og_image":[{"width":1710,"height":2560,"url":"https:\/\/tarnsjogarveri.com\/wp-content\/uploads\/2026\/02\/14-1450RB-scaled-1.jpg","type":"image\/jpeg"}],"twitter_card":"summary_large_image","twitter_misc":{"Est. reading time":"1 minute"},"schema":{"@context":"https:\/\/schema.org","@graph":[{"@type":"WebPage","@id":"https:\/\/tarnsjogarveri.com\/en\/produkt\/a-e-ring-arch-new-model\/","url":"https:\/\/tarnsjogarveri.com\/en\/produkt\/a-e-ring-arch-new-model\/","name":"A.E. Ring Arch - New Model - T\u00e4rnsj\u00f6 Garveri","isPartOf":{"@id":"https:\/\/tarnsjogarveri.com\/en\/#website"},"primaryImageOfPage":{"@id":"https:\/\/tarnsjogarveri.com\/en\/produkt\/a-e-ring-arch-new-model\/#primaryimage"},"image":{"@id":"https:\/\/tarnsjogarveri.com\/en\/produkt\/a-e-ring-arch-new-model\/#primaryimage"},"thumbnailUrl":"https:\/\/tarnsjogarveri.com\/wp-content\/uploads\/2026\/02\/14-1450RB-scaled-1.jpg","datePublished":"2025-01-23T14:07:37+00:00","breadcrumb":{"@id":"https:\/\/tarnsjogarveri.com\/en\/produkt\/a-e-ring-arch-new-model\/#breadcrumb"},"inLanguage":"en-US","potentialAction":[{"@type":"ReadAction","target":["https:\/\/tarnsjogarveri.com\/en\/produkt\/a-e-ring-arch-new-model\/"]}]},{"@type":"ImageObject","inLanguage":"en-US","@id":"https:\/\/tarnsjogarveri.com\/en\/produkt\/a-e-ring-arch-new-model\/#primaryimage","url":"https:\/\/tarnsjogarveri.com\/wp-content\/uploads\/2026\/02\/14-1450RB-scaled-1.jpg","contentUrl":"https:\/\/tarnsjogarveri.com\/wp-content\/uploads\/2026\/02\/14-1450RB-scaled-1.jpg","width":1710,"height":2560},{"@type":"BreadcrumbList","@id":"https:\/\/tarnsjogarveri.com\/en\/produkt\/a-e-ring-arch-new-model\/#breadcrumb","itemListElement":[{"@type":"ListItem","position":1,"name":"Hem","item":"https:\/\/tarnsjogarveri.com\/en\/home\/"},{"@type":"ListItem","position":2,"name":"Shop","item":"https:\/\/tarnsjogarveri.com\/en\/shop\/"},{"@type":"ListItem","position":3,"name":"A.E. Ring Arch &#8211; New Model"}]},{"@type":"WebSite","@id":"https:\/\/tarnsjogarveri.com\/en\/#website","url":"https:\/\/tarnsjogarveri.com\/en\/","name":"www.tarnsjogarveri.se","description":"","publisher":{"@id":"https:\/\/tarnsjogarveri.com\/en\/#organization"},"potentialAction":[{"@type":"SearchAction","target":{"@type":"EntryPoint","urlTemplate":"https:\/\/tarnsjogarveri.com\/en\/?s={search_term_string}"},"query-input":{"@type":"PropertyValueSpecification","valueRequired":true,"valueName":"search_term_string"}}],"inLanguage":"en-US"},{"@type":"Organization","@id":"https:\/\/tarnsjogarveri.com\/en\/#organization","name":"T\u00e4rnsj\u00f6 Garveri","url":"https:\/\/tarnsjogarveri.com\/en\/","logo":{"@type":"ImageObject","inLanguage":"en-US","@id":"https:\/\/tarnsjogarveri.com\/en\/#\/schema\/logo\/image\/","url":"https:\/\/tarnsjogarveri.com\/wp-content\/uploads\/2026\/02\/Tarnsjo-Garveri-340x309-1.png","contentUrl":"https:\/\/tarnsjogarveri.com\/wp-content\/uploads\/2026\/02\/Tarnsjo-Garveri-340x309-1.png","width":340,"height":309,"caption":"T\u00e4rnsj\u00f6 Garveri"},"image":{"@id":"https:\/\/tarnsjogarveri.com\/en\/#\/schema\/logo\/image\/"},"sameAs":["https:\/\/www.facebook.com\/tarnsjogarveri"]}]}},"jetpack_sharing_enabled":true,"_links":{"self":[{"href":"https:\/\/tarnsjogarveri.com\/en\/wp-json\/wp\/v2\/product\/21118","targetHints":{"allow":["GET"]}}],"collection":[{"href":"https:\/\/tarnsjogarveri.com\/en\/wp-json\/wp\/v2\/product"}],"about":[{"href":"https:\/\/tarnsjogarveri.com\/en\/wp-json\/wp\/v2\/types\/product"}],"wp:featuredmedia":[{"embeddable":true,"href":"https:\/\/tarnsjogarveri.com\/en\/wp-json\/wp\/v2\/media\/18220"}],"wp:attachment":[{"href":"https:\/\/tarnsjogarveri.com\/en\/wp-json\/wp\/v2\/media?parent=21118"}],"wp:term":[{"taxonomy":"product_brand","embeddable":true,"href":"https:\/\/tarnsjogarveri.com\/en\/wp-json\/wp\/v2\/product_brand?post=21118"},{"taxonomy":"product_cat","embeddable":true,"href":"https:\/\/tarnsjogarveri.com\/en\/wp-json\/wp\/v2\/product_cat?post=21118"},{"taxonomy":"product_tag","embeddable":true,"href":"https:\/\/tarnsjogarveri.com\/en\/wp-json\/wp\/v2\/product_tag?post=21118"}],"curies":[{"name":"wp","href":"https:\/\/api.w.org\/{rel}","templated":true}]}}