{"id":21166,"date":"2025-01-17T14:52:05","date_gmt":"2025-01-17T14:52:05","guid":{"rendered":"https:\/\/tarnsjogarveri.com\/produkt\/long-reining-surcingle-with-straight-ring-frame-a-e\/"},"modified":"2025-01-17T14:52:05","modified_gmt":"2025-01-17T14:52:05","slug":"long-reining-surcingle-with-straight-ring-frame-a-e","status":"publish","type":"product","link":"https:\/\/tarnsjogarveri.com\/en\/produkt\/long-reining-surcingle-with-straight-ring-frame-a-e\/","title":{"rendered":"Long-reining surcingle with straight ring frame A.E."},"content":{"rendered":"<p>New model \u2013 developed for better communication with your horse!<\/p>\n<p>Developed together with Anders Eriksson, who has extensive experience working horses on the long reins.<\/p>\n<p>A flexible long-reining surcingle with an articulated frame for maximum adjustability and comfort. The leather is vegetable-tanned, allowing it to breathe better and be gentle on the horse\u2019s skin. With use, the leather softens and naturally shapes itself, providing improved comfort. Contains no heavy metals, such as chromium, making it gentler on the environment, animals, and people. Horsehair-stuffed panels for the best fit.<br \/>\nThis frame has two high-positioned rein rings that make it easier to adjust the rein to the desired height. The rectangular shape helps lift the rein away from the horse\u2019s neck. This reduces the risk of pressure. The design is primarily intended to keep the rein off the neck of a large horse with a broader neck. Pressure on the neck from the rein can easily cause the horse to evade the contact, regardless of the signals you are sending.        <\/p>\n<p>The frame provides good wither clearance.<\/p>\n<p>All fittings are made of stainless steel.<\/p>\n<h3>Options<\/h3>\n<div style=\"text-align: center;\">\n<ul style=\"list-style-type: disc; display: inline-block; text-align: left; padding-left: 20px;\">\n<li>Surcingle girth (<a href=\"https:\/\/tarnsjogarveri.com\/produkt\/1150-dackelgjord-a-e\/\">surcingle girth<\/a> or <a href=\"https:\/\/tarnsjogarveri.com\/produkt\/fodrad-elastisk-dackelgjord-a-e\/\">padded elastic<\/a>)<strong> \u2013 sold separately.<\/strong><\/li>\n<li><a href=\"https:\/\/tarnsjogarveri.com\/produkt\/ryggstycke-med-svanskappa-a-e\/\">Back strap with crupper<\/a> \u2013 stabilises the surcingle<\/li>\n<li><a href=\"https:\/\/tarnsjogarveri.com\/produkt\/dackelbage-laderlindad\/\">Leather-wrapped ring frame<\/a> \u2013 for personal style<\/li>\n<\/ul>\n<\/div>\n<h3>Sizes<\/h3>\n<p>The surcingle is available in two sizes: Full and Pony. <\/p>\n<h3>Tips &amp; Advice<\/h3>\n<p>Surcingle size Pony is recommended for A\u2013C ponies.<br \/>\nThe surcingle girth is available in different lengths, allowing the circumference to be adjusted. This makes the surcingles very flexible and suitable for many different types of horses.<br \/>\nA good complement is a back strap with crupper. It stabilises the long-reining surcingle and helps prevent it from sliding forward towards the horse\u2019s shoulders.<br \/>\nTo find the right size, the best tip is to measure your horse. See our size chart for help with measuring and choosing the right size.    <strong><a href=\"https:\/\/i0.wp.com\/media.tarnsjogarveri.com\/2020\/12\/mattabell_hast-scaled.jpg?fit=1810%2C2560&amp;ssl=1\">You can find the size chart here.<\/a><\/strong><\/p>\n<p><a href=\"https:\/\/tarnsjogarveri.com\/en\/long-reining\/\" target=\"_blank\" rel=\"noopener\">Would you like to see how the surcingle is used?  <strong>See our instruction videos here<\/strong><\/a><\/p>\n<p>Learn more about equipment and product fitting<strong> <a href=\"https:\/\/www.anders-eriksson.se\/utrustning\">here<\/a><\/strong><\/p>\n","protected":false},"excerpt":{"rendered":"<p><strong>T\u00e4rnsj\u00f6 Garveri x Anders Eriksson<\/strong><br \/>\nUpdated model for better communication with your horse.<\/p>\n<p>Long-reining surcingle of the highest quality \u2013 made from the ground up in Swedish vegetable-tanned leather from T\u00e4rnsj\u00f6 Garveri.<br \/>\nDeveloped in collaboration with long-reining expert Anders Eriksson, with a strong focus on durability, function, and the horse\u2019s well-being.<br \/>\nEvery detail is carefully designed for optimal contact and comfort when long-reining.<\/p>\n<p><strong>Do not forget to order the desired surcingle girth.<\/strong><\/p>\n","protected":false},"featured_media":18217,"template":"","meta":[],"product_brand":[],"product_cat":[280,281],"product_tag":[282,283,285,304,284],"class_list":{"0":"post-21166","1":"product","2":"type-product","3":"status-publish","4":"has-post-thumbnail","6":"product_cat-equestrian-products","7":"product_cat-long-reining","8":"product_tag-a-e","9":"product_tag-anders-eriksson","10":"product_tag-long-reining","11":"product_tag-ring-frame","12":"product_tag-tarnsjo-garveri-x-anders-eriksson","14":"first","15":"instock","16":"taxable","17":"shipping-taxable","18":"purchasable","19":"product-type-variable","20":"has-default-attributes"},"yoast_head":"<!-- This site is optimized with the Yoast SEO plugin v27.5 - https:\/\/yoast.com\/product\/yoast-seo-wordpress\/ -->\n<title>Long-reining surcingle with straight ring frame A.E. - T\u00e4rnsj\u00f6 Garveri<\/title>\n<meta name=\"robots\" content=\"index, follow, max-snippet:-1, max-image-preview:large, max-video-preview:-1\" \/>\n<link rel=\"canonical\" href=\"https:\/\/tarnsjogarveri.com\/en\/produkt\/long-reining-surcingle-with-straight-ring-frame-a-e\/\" \/>\n<meta property=\"og:locale\" content=\"en_US\" \/>\n<meta property=\"og:type\" content=\"article\" \/>\n<meta property=\"og:title\" content=\"Long-reining surcingle with straight ring frame A.E. - T\u00e4rnsj\u00f6 Garveri\" \/>\n<meta property=\"og:description\" content=\"T\u00e4rnsj\u00f6 Garveri x Anders Eriksson Updated model for better communication with your horse. Long-reining surcingle of the highest quality \u2013 made from the ground up in Swedish vegetable-tanned leather from T\u00e4rnsj\u00f6 Garveri. Developed in collaboration with long-reining expert Anders Eriksson, with a strong focus on durability, function, and the horse\u2019s well-being. Every detail is carefully designed for optimal contact and comfort when long-reining. Do not forget to order the desired surcingle girth.\" \/>\n<meta property=\"og:url\" content=\"https:\/\/tarnsjogarveri.com\/en\/produkt\/long-reining-surcingle-with-straight-ring-frame-a-e\/\" \/>\n<meta property=\"og:site_name\" content=\"T\u00e4rnsj\u00f6 Garveri\" \/>\n<meta property=\"article:publisher\" content=\"https:\/\/www.facebook.com\/tarnsjogarveri\" \/>\n<meta property=\"og:image\" content=\"https:\/\/tarnsjogarveri.com\/wp-content\/uploads\/2026\/02\/1137br-scaled-1.jpg\" \/>\n\t<meta property=\"og:image:width\" content=\"1709\" \/>\n\t<meta property=\"og:image:height\" content=\"2560\" \/>\n\t<meta property=\"og:image:type\" content=\"image\/jpeg\" \/>\n<meta name=\"twitter:card\" content=\"summary_large_image\" \/>\n<meta name=\"twitter:label1\" content=\"Est. reading time\" \/>\n\t<meta name=\"twitter:data1\" content=\"2 minutes\" \/>\n<script type=\"application\/ld+json\" class=\"yoast-schema-graph\">{\"@context\":\"https:\\\/\\\/schema.org\",\"@graph\":[{\"@type\":\"WebPage\",\"@id\":\"https:\\\/\\\/tarnsjogarveri.com\\\/en\\\/produkt\\\/long-reining-surcingle-with-straight-ring-frame-a-e\\\/\",\"url\":\"https:\\\/\\\/tarnsjogarveri.com\\\/en\\\/produkt\\\/long-reining-surcingle-with-straight-ring-frame-a-e\\\/\",\"name\":\"Long-reining surcingle with straight ring frame A.E. - T\u00e4rnsj\u00f6 Garveri\",\"isPartOf\":{\"@id\":\"https:\\\/\\\/tarnsjogarveri.com\\\/en\\\/#website\"},\"primaryImageOfPage\":{\"@id\":\"https:\\\/\\\/tarnsjogarveri.com\\\/en\\\/produkt\\\/long-reining-surcingle-with-straight-ring-frame-a-e\\\/#primaryimage\"},\"image\":{\"@id\":\"https:\\\/\\\/tarnsjogarveri.com\\\/en\\\/produkt\\\/long-reining-surcingle-with-straight-ring-frame-a-e\\\/#primaryimage\"},\"thumbnailUrl\":\"https:\\\/\\\/tarnsjogarveri.com\\\/wp-content\\\/uploads\\\/2026\\\/02\\\/1137br-scaled-1.jpg\",\"datePublished\":\"2025-01-17T14:52:05+00:00\",\"breadcrumb\":{\"@id\":\"https:\\\/\\\/tarnsjogarveri.com\\\/en\\\/produkt\\\/long-reining-surcingle-with-straight-ring-frame-a-e\\\/#breadcrumb\"},\"inLanguage\":\"en-US\",\"potentialAction\":[{\"@type\":\"ReadAction\",\"target\":[\"https:\\\/\\\/tarnsjogarveri.com\\\/en\\\/produkt\\\/long-reining-surcingle-with-straight-ring-frame-a-e\\\/\"]}]},{\"@type\":\"ImageObject\",\"inLanguage\":\"en-US\",\"@id\":\"https:\\\/\\\/tarnsjogarveri.com\\\/en\\\/produkt\\\/long-reining-surcingle-with-straight-ring-frame-a-e\\\/#primaryimage\",\"url\":\"https:\\\/\\\/tarnsjogarveri.com\\\/wp-content\\\/uploads\\\/2026\\\/02\\\/1137br-scaled-1.jpg\",\"contentUrl\":\"https:\\\/\\\/tarnsjogarveri.com\\\/wp-content\\\/uploads\\\/2026\\\/02\\\/1137br-scaled-1.jpg\",\"width\":1709,\"height\":2560,\"caption\":\"alt=\\\"T\u00f6mk\u00f6rningsd\u00e4ckel A.E. med ringb\u00e5ge i m\u00f6rkbrunt l\u00e4der\\\"\"},{\"@type\":\"BreadcrumbList\",\"@id\":\"https:\\\/\\\/tarnsjogarveri.com\\\/en\\\/produkt\\\/long-reining-surcingle-with-straight-ring-frame-a-e\\\/#breadcrumb\",\"itemListElement\":[{\"@type\":\"ListItem\",\"position\":1,\"name\":\"Hem\",\"item\":\"https:\\\/\\\/tarnsjogarveri.com\\\/en\\\/home\\\/\"},{\"@type\":\"ListItem\",\"position\":2,\"name\":\"Shop\",\"item\":\"https:\\\/\\\/tarnsjogarveri.com\\\/en\\\/shop\\\/\"},{\"@type\":\"ListItem\",\"position\":3,\"name\":\"Long-reining surcingle with straight ring frame A.E.\"}]},{\"@type\":\"WebSite\",\"@id\":\"https:\\\/\\\/tarnsjogarveri.com\\\/en\\\/#website\",\"url\":\"https:\\\/\\\/tarnsjogarveri.com\\\/en\\\/\",\"name\":\"www.tarnsjogarveri.se\",\"description\":\"\",\"publisher\":{\"@id\":\"https:\\\/\\\/tarnsjogarveri.com\\\/en\\\/#organization\"},\"potentialAction\":[{\"@type\":\"SearchAction\",\"target\":{\"@type\":\"EntryPoint\",\"urlTemplate\":\"https:\\\/\\\/tarnsjogarveri.com\\\/en\\\/?s={search_term_string}\"},\"query-input\":{\"@type\":\"PropertyValueSpecification\",\"valueRequired\":true,\"valueName\":\"search_term_string\"}}],\"inLanguage\":\"en-US\"},{\"@type\":\"Organization\",\"@id\":\"https:\\\/\\\/tarnsjogarveri.com\\\/en\\\/#organization\",\"name\":\"T\u00e4rnsj\u00f6 Garveri\",\"url\":\"https:\\\/\\\/tarnsjogarveri.com\\\/en\\\/\",\"logo\":{\"@type\":\"ImageObject\",\"inLanguage\":\"en-US\",\"@id\":\"https:\\\/\\\/tarnsjogarveri.com\\\/en\\\/#\\\/schema\\\/logo\\\/image\\\/\",\"url\":\"https:\\\/\\\/tarnsjogarveri.com\\\/wp-content\\\/uploads\\\/2026\\\/02\\\/Tarnsjo-Garveri-340x309-1.png\",\"contentUrl\":\"https:\\\/\\\/tarnsjogarveri.com\\\/wp-content\\\/uploads\\\/2026\\\/02\\\/Tarnsjo-Garveri-340x309-1.png\",\"width\":340,\"height\":309,\"caption\":\"T\u00e4rnsj\u00f6 Garveri\"},\"image\":{\"@id\":\"https:\\\/\\\/tarnsjogarveri.com\\\/en\\\/#\\\/schema\\\/logo\\\/image\\\/\"},\"sameAs\":[\"https:\\\/\\\/www.facebook.com\\\/tarnsjogarveri\"]}]}<\/script>\n<!-- \/ Yoast SEO plugin. -->","yoast_head_json":{"title":"Long-reining surcingle with straight ring frame A.E. - T\u00e4rnsj\u00f6 Garveri","robots":{"index":"index","follow":"follow","max-snippet":"max-snippet:-1","max-image-preview":"max-image-preview:large","max-video-preview":"max-video-preview:-1"},"canonical":"https:\/\/tarnsjogarveri.com\/en\/produkt\/long-reining-surcingle-with-straight-ring-frame-a-e\/","og_locale":"en_US","og_type":"article","og_title":"Long-reining surcingle with straight ring frame A.E. - T\u00e4rnsj\u00f6 Garveri","og_description":"T\u00e4rnsj\u00f6 Garveri x Anders Eriksson Updated model for better communication with your horse. Long-reining surcingle of the highest quality \u2013 made from the ground up in Swedish vegetable-tanned leather from T\u00e4rnsj\u00f6 Garveri. Developed in collaboration with long-reining expert Anders Eriksson, with a strong focus on durability, function, and the horse\u2019s well-being. Every detail is carefully designed for optimal contact and comfort when long-reining. Do not forget to order the desired surcingle girth.","og_url":"https:\/\/tarnsjogarveri.com\/en\/produkt\/long-reining-surcingle-with-straight-ring-frame-a-e\/","og_site_name":"T\u00e4rnsj\u00f6 Garveri","article_publisher":"https:\/\/www.facebook.com\/tarnsjogarveri","og_image":[{"width":1709,"height":2560,"url":"https:\/\/tarnsjogarveri.com\/wp-content\/uploads\/2026\/02\/1137br-scaled-1.jpg","type":"image\/jpeg"}],"twitter_card":"summary_large_image","twitter_misc":{"Est. reading time":"2 minutes"},"schema":{"@context":"https:\/\/schema.org","@graph":[{"@type":"WebPage","@id":"https:\/\/tarnsjogarveri.com\/en\/produkt\/long-reining-surcingle-with-straight-ring-frame-a-e\/","url":"https:\/\/tarnsjogarveri.com\/en\/produkt\/long-reining-surcingle-with-straight-ring-frame-a-e\/","name":"Long-reining surcingle with straight ring frame A.E. - T\u00e4rnsj\u00f6 Garveri","isPartOf":{"@id":"https:\/\/tarnsjogarveri.com\/en\/#website"},"primaryImageOfPage":{"@id":"https:\/\/tarnsjogarveri.com\/en\/produkt\/long-reining-surcingle-with-straight-ring-frame-a-e\/#primaryimage"},"image":{"@id":"https:\/\/tarnsjogarveri.com\/en\/produkt\/long-reining-surcingle-with-straight-ring-frame-a-e\/#primaryimage"},"thumbnailUrl":"https:\/\/tarnsjogarveri.com\/wp-content\/uploads\/2026\/02\/1137br-scaled-1.jpg","datePublished":"2025-01-17T14:52:05+00:00","breadcrumb":{"@id":"https:\/\/tarnsjogarveri.com\/en\/produkt\/long-reining-surcingle-with-straight-ring-frame-a-e\/#breadcrumb"},"inLanguage":"en-US","potentialAction":[{"@type":"ReadAction","target":["https:\/\/tarnsjogarveri.com\/en\/produkt\/long-reining-surcingle-with-straight-ring-frame-a-e\/"]}]},{"@type":"ImageObject","inLanguage":"en-US","@id":"https:\/\/tarnsjogarveri.com\/en\/produkt\/long-reining-surcingle-with-straight-ring-frame-a-e\/#primaryimage","url":"https:\/\/tarnsjogarveri.com\/wp-content\/uploads\/2026\/02\/1137br-scaled-1.jpg","contentUrl":"https:\/\/tarnsjogarveri.com\/wp-content\/uploads\/2026\/02\/1137br-scaled-1.jpg","width":1709,"height":2560,"caption":"alt=\"T\u00f6mk\u00f6rningsd\u00e4ckel A.E. med ringb\u00e5ge i m\u00f6rkbrunt l\u00e4der\""},{"@type":"BreadcrumbList","@id":"https:\/\/tarnsjogarveri.com\/en\/produkt\/long-reining-surcingle-with-straight-ring-frame-a-e\/#breadcrumb","itemListElement":[{"@type":"ListItem","position":1,"name":"Hem","item":"https:\/\/tarnsjogarveri.com\/en\/home\/"},{"@type":"ListItem","position":2,"name":"Shop","item":"https:\/\/tarnsjogarveri.com\/en\/shop\/"},{"@type":"ListItem","position":3,"name":"Long-reining surcingle with straight ring frame A.E."}]},{"@type":"WebSite","@id":"https:\/\/tarnsjogarveri.com\/en\/#website","url":"https:\/\/tarnsjogarveri.com\/en\/","name":"www.tarnsjogarveri.se","description":"","publisher":{"@id":"https:\/\/tarnsjogarveri.com\/en\/#organization"},"potentialAction":[{"@type":"SearchAction","target":{"@type":"EntryPoint","urlTemplate":"https:\/\/tarnsjogarveri.com\/en\/?s={search_term_string}"},"query-input":{"@type":"PropertyValueSpecification","valueRequired":true,"valueName":"search_term_string"}}],"inLanguage":"en-US"},{"@type":"Organization","@id":"https:\/\/tarnsjogarveri.com\/en\/#organization","name":"T\u00e4rnsj\u00f6 Garveri","url":"https:\/\/tarnsjogarveri.com\/en\/","logo":{"@type":"ImageObject","inLanguage":"en-US","@id":"https:\/\/tarnsjogarveri.com\/en\/#\/schema\/logo\/image\/","url":"https:\/\/tarnsjogarveri.com\/wp-content\/uploads\/2026\/02\/Tarnsjo-Garveri-340x309-1.png","contentUrl":"https:\/\/tarnsjogarveri.com\/wp-content\/uploads\/2026\/02\/Tarnsjo-Garveri-340x309-1.png","width":340,"height":309,"caption":"T\u00e4rnsj\u00f6 Garveri"},"image":{"@id":"https:\/\/tarnsjogarveri.com\/en\/#\/schema\/logo\/image\/"},"sameAs":["https:\/\/www.facebook.com\/tarnsjogarveri"]}]}},"jetpack_sharing_enabled":true,"_links":{"self":[{"href":"https:\/\/tarnsjogarveri.com\/en\/wp-json\/wp\/v2\/product\/21166","targetHints":{"allow":["GET"]}}],"collection":[{"href":"https:\/\/tarnsjogarveri.com\/en\/wp-json\/wp\/v2\/product"}],"about":[{"href":"https:\/\/tarnsjogarveri.com\/en\/wp-json\/wp\/v2\/types\/product"}],"wp:featuredmedia":[{"embeddable":true,"href":"https:\/\/tarnsjogarveri.com\/en\/wp-json\/wp\/v2\/media\/18217"}],"wp:attachment":[{"href":"https:\/\/tarnsjogarveri.com\/en\/wp-json\/wp\/v2\/media?parent=21166"}],"wp:term":[{"taxonomy":"product_brand","embeddable":true,"href":"https:\/\/tarnsjogarveri.com\/en\/wp-json\/wp\/v2\/product_brand?post=21166"},{"taxonomy":"product_cat","embeddable":true,"href":"https:\/\/tarnsjogarveri.com\/en\/wp-json\/wp\/v2\/product_cat?post=21166"},{"taxonomy":"product_tag","embeddable":true,"href":"https:\/\/tarnsjogarveri.com\/en\/wp-json\/wp\/v2\/product_tag?post=21166"}],"curies":[{"name":"wp","href":"https:\/\/api.w.org\/{rel}","templated":true}]}}